{"id":115156,"date":"2024-11-20T14:00:49","date_gmt":"2024-11-20T13:00:49","guid":{"rendered":"https:\/\/secureus.se\/?post_type=product&#038;p=115156"},"modified":"2026-01-12T12:24:51","modified_gmt":"2026-01-12T11:24:51","slug":"golvskylt-info-sign-stand-a3","status":"publish","type":"product","link":"https:\/\/secureus.se\/no\/golvskylt-info-sign-stand-a3\/","title":{"rendered":"Gulvskilt INFO SKILT STATIV A3"},"content":{"rendered":"<p>Gulvskilt informerer og orienterer bes\u00f8kende og egner seg utmerket for plassering i inngangspartier, restauranter, utstillinger m.m. INFO SIGN-skiltserien har bakside og kantlister i aluminium. Det hvite arket med tekst sitter beskyttet bak det ikke-reflekterende frontpanelet som glir inn i kantlistene og holdes p\u00e5 plass av to sorte braketter. Gulvstativet best\u00e5r av en tung og stabil fot, et aluminiumsstativ og det dreibare A3-skiltet - som kan brukes st\u00e5ende eller liggende - er synlig p\u00e5 avstand. Skiltet kan plasseres i 6 forskjellige h\u00f8yder og h\u00f8yden p\u00e5 plassen med st\u00e5skilt er mellom 1,18 \u2013 1,25 m. Med horisontalt skilt er h\u00f8yden 1,13 \u2013 1,20 m. Leveres med monteringsanvisning. Design skiltet med gratisprogrammet DURAPRINT\u00ae som er tilgjengelig p\u00e5 www.duraprint.se og skriv ut med en laserskriver.<\/p>","protected":false},"excerpt":{"rendered":"<p>Stallgulvskilt INFOSKILT A3. Skiltet kan brukes i st\u00e5ende eller liggende format.<\/p>","protected":false},"featured_media":134911,"template":"","meta":{"_acf_changed":false},"product_brand":[],"product_cat":[4265],"product_tag":[4382],"class_list":{"0":"post-115156","1":"product","2":"type-product","3":"status-publish","4":"has-post-thumbnail","6":"product_cat-dorrskyltar-i-alumunium","7":"product_tag-silver","8":"product_shipping_class-tunga-paket","9":"pa_brands-durable","10":"pa_farg-silver","11":"tm-no-options","13":"first","14":"instock","15":"sale","16":"taxable","17":"shipping-taxable","18":"purchasable","19":"product-type-simple"},"acf":[],"_links":{"self":[{"href":"https:\/\/secureus.se\/no\/wp-json\/wp\/v2\/product\/115156","targetHints":{"allow":["GET"]}}],"collection":[{"href":"https:\/\/secureus.se\/no\/wp-json\/wp\/v2\/product"}],"about":[{"href":"https:\/\/secureus.se\/no\/wp-json\/wp\/v2\/types\/product"}],"wp:featuredmedia":[{"embeddable":true,"href":"https:\/\/secureus.se\/no\/wp-json\/wp\/v2\/media\/134911"}],"wp:attachment":[{"href":"https:\/\/secureus.se\/no\/wp-json\/wp\/v2\/media?parent=115156"}],"wp:term":[{"taxonomy":"product_brand","embeddable":true,"href":"https:\/\/secureus.se\/no\/wp-json\/wp\/v2\/product_brand?post=115156"},{"taxonomy":"product_cat","embeddable":true,"href":"https:\/\/secureus.se\/no\/wp-json\/wp\/v2\/product_cat?post=115156"},{"taxonomy":"product_tag","embeddable":true,"href":"https:\/\/secureus.se\/no\/wp-json\/wp\/v2\/product_tag?post=115156"}],"curies":[{"name":"wp","href":"https:\/\/api.w.org\/{rel}","templated":true}]}}