{"id":115167,"date":"2024-11-20T13:56:38","date_gmt":"2024-11-20T12:56:38","guid":{"rendered":"https:\/\/secureus.se\/?post_type=product&#038;p=115167"},"modified":"2026-01-12T12:29:23","modified_gmt":"2026-01-12T11:29:23","slug":"golvskylt-info-stand-basic-a3","status":"publish","type":"product","link":"https:\/\/secureus.se\/no\/golvskylt-info-stand-basic-a3\/","title":{"rendered":"Gulvskilt Info Stand BASIC A3"},"content":{"rendered":"<p>Gulvskilt informerer og orienterer bes\u00f8kende og egner seg utmerket for plassering i inngangspartier, mottakelser, utstillinger og andre steder. Skiltserien INFO STAND BASIC har to magnetrammer som festes til metallplaten i midten og det er dermed enkelt \u00e5 endre informasjonen p\u00e5 begge sider. Gulvstativet best\u00e5r av en tung og stabil fot med gummif\u00f8tter, et aluminiumsstativ og skiltet som kan plasseres i liggende eller st\u00e5ende format uten bruk av verkt\u00f8y.<br \/>\nDesign skiltet ved hjelp av gratisprogrammet DURAPRINT\u00ae tilgjengelig p\u00e5 www.duraprint.se.<br \/>\nLeveres med 2 sorte DURAFRAME\u00ae MAGNETIC A3 rammer, monteringssett og instruksjoner. Tilpass gulvskiltet ved \u00e5 kj\u00f8pe rammer i en annen farge, f.eks. firmaets logofarge.<br \/>\nM\u00e5l st\u00e5ende skilt: 1402x323x305 mm (H x B x D), m\u00e5l horisontalt skilt: 1301x446x305 mm (H x B x D)<br \/>\nTilbeh\u00f8r: DURAFRAME\u00ae MAGNETIC A3 rammer i andre farger, art nr 4868xx<\/p>","protected":false},"excerpt":{"rendered":"<p>Gulvskilt med sorte magnetrammer p\u00e5 begge sider. For skilt i A3-format.<\/p>","protected":false},"featured_media":134682,"template":"","meta":{"_acf_changed":false},"product_brand":[],"product_cat":[4304],"product_tag":[4394],"class_list":{"0":"post-115167","1":"product","2":"type-product","3":"status-publish","4":"has-post-thumbnail","6":"product_cat-broschyrstall-golvstativ","7":"product_tag-antracitgra","8":"product_shipping_class-tunga-paket","9":"pa_brands-durable","10":"pa_farg-antracitgra","11":"tm-no-options","13":"first","14":"instock","15":"sale","16":"taxable","17":"shipping-taxable","18":"purchasable","19":"product-type-simple"},"acf":[],"_links":{"self":[{"href":"https:\/\/secureus.se\/no\/wp-json\/wp\/v2\/product\/115167","targetHints":{"allow":["GET"]}}],"collection":[{"href":"https:\/\/secureus.se\/no\/wp-json\/wp\/v2\/product"}],"about":[{"href":"https:\/\/secureus.se\/no\/wp-json\/wp\/v2\/types\/product"}],"wp:featuredmedia":[{"embeddable":true,"href":"https:\/\/secureus.se\/no\/wp-json\/wp\/v2\/media\/134682"}],"wp:attachment":[{"href":"https:\/\/secureus.se\/no\/wp-json\/wp\/v2\/media?parent=115167"}],"wp:term":[{"taxonomy":"product_brand","embeddable":true,"href":"https:\/\/secureus.se\/no\/wp-json\/wp\/v2\/product_brand?post=115167"},{"taxonomy":"product_cat","embeddable":true,"href":"https:\/\/secureus.se\/no\/wp-json\/wp\/v2\/product_cat?post=115167"},{"taxonomy":"product_tag","embeddable":true,"href":"https:\/\/secureus.se\/no\/wp-json\/wp\/v2\/product_tag?post=115167"}],"curies":[{"name":"wp","href":"https:\/\/api.w.org\/{rel}","templated":true}]}}