{"id":115174,"date":"2024-11-20T14:00:17","date_gmt":"2024-11-20T13:00:17","guid":{"rendered":"https:\/\/secureus.se\/?post_type=product&#038;p=115174"},"modified":"2026-01-12T12:25:56","modified_gmt":"2026-01-12T11:25:56","slug":"inforam-duraframe-wallpaper-a4-2","status":"publish","type":"product","link":"https:\/\/secureus.se\/no\/inforam-duraframe-wallpaper-a4-2\/","title":{"rendered":"Inforamme DURAFRAME\u00ae WALLPAPER A4"},"content":{"rendered":"<p>Bruk selvklebende DURAFRAME\u00ae WALLPAPER inforammer for \u00e5 vise og presentere kampanjetilbud, \u00e5pningstider, skilt og annen midlertidig eller mer permanent informasjon p\u00e5 en profesjonell m\u00e5te. Kan monteres p\u00e5 sensitive overflater som tapet, tre og de fleste plastflater med de selvklebende stripene.<br \/>\nEnkelt \u00e5 sette inn eller endre meldinger ved \u00e5 l\u00f8fte fronten med magnetisk lukking. DURAFRAME\u00ae WALLPAPER kan fjernes uten \u00e5 etterlate merker eller skade underlaget i henhold til instruksjonene i emballasjen og symbolene p\u00e5 rammen. Erstatningssett med 4 limstrimler inkludert.<br \/>\nFor dokumenter i A4-format. Ytterm\u00e5l 236\u00d7323 mm.<br \/>\nEmballasje med 1 stk.<\/p>","protected":false},"excerpt":{"rendered":"<p>Enkel \u00e5 bruke, selvklebende inforamme for ulike typer informasjon som skal settes opp p\u00e5 sensitive underlag, f.eks. For dokumenter i A4-format. med \u00e5pningsbar magnetramme for A4-format. Festes med limstrimler som fungerer p\u00e5 sensitive overflater som tapeter mm. <\/p>","protected":false},"featured_media":134939,"template":"","meta":{"_acf_changed":false},"product_brand":[],"product_cat":[4292],"product_tag":[4381],"class_list":{"0":"post-115174","1":"product","2":"type-product","3":"status-publish","4":"has-post-thumbnail","6":"product_cat-inforamar-for-kansliga-ytor","7":"product_tag-svart","8":"product_shipping_class-tunga-paket","9":"pa_brands-durable","10":"pa_farg-svart","11":"tm-no-options","13":"first","14":"instock","15":"sale","16":"taxable","17":"shipping-taxable","18":"purchasable","19":"product-type-simple"},"acf":[],"_links":{"self":[{"href":"https:\/\/secureus.se\/no\/wp-json\/wp\/v2\/product\/115174","targetHints":{"allow":["GET"]}}],"collection":[{"href":"https:\/\/secureus.se\/no\/wp-json\/wp\/v2\/product"}],"about":[{"href":"https:\/\/secureus.se\/no\/wp-json\/wp\/v2\/types\/product"}],"wp:featuredmedia":[{"embeddable":true,"href":"https:\/\/secureus.se\/no\/wp-json\/wp\/v2\/media\/134939"}],"wp:attachment":[{"href":"https:\/\/secureus.se\/no\/wp-json\/wp\/v2\/media?parent=115174"}],"wp:term":[{"taxonomy":"product_brand","embeddable":true,"href":"https:\/\/secureus.se\/no\/wp-json\/wp\/v2\/product_brand?post=115174"},{"taxonomy":"product_cat","embeddable":true,"href":"https:\/\/secureus.se\/no\/wp-json\/wp\/v2\/product_cat?post=115174"},{"taxonomy":"product_tag","embeddable":true,"href":"https:\/\/secureus.se\/no\/wp-json\/wp\/v2\/product_tag?post=115174"}],"curies":[{"name":"wp","href":"https:\/\/api.w.org\/{rel}","templated":true}]}}