{"id":115207,"date":"2024-11-20T14:12:52","date_gmt":"2024-11-20T13:12:52","guid":{"rendered":"https:\/\/secureus.se\/?post_type=product&#038;p=115207"},"modified":"2026-01-12T12:48:47","modified_gmt":"2026-01-12T11:48:47","slug":"namnskylt-60x90-halsband-4","status":"publish","type":"product","link":"https:\/\/secureus.se\/no\/namnskylt-60x90-halsband-4\/","title":{"rendered":"Navneskilt 60\u00d790, halskjede"},"content":{"rendered":"<p>Konferansedeltakere, bes\u00f8kende p\u00e5 bedrifter, ansatte p\u00e5 messer, i butikker, serviceyrker og selgere \u2013 listen kan utvides der det er behov for navnelapper i ulike st\u00f8rrelser, utforminger og festemuligheter. Dette navneskiltet i liggende format 60x90mm leveres komplett med et 1 cm bredt og 88 cm langt tekstilkjede med sikkerhetsl\u00e5s. Den nedkuttede fronten gj\u00f8r det enkelt dersom kortet m\u00e5 skiftes relativt ofte. Hvite etiketter i stripe er inkludert. Etiketter p\u00e5 A4-ark for utskrift i printere kan bestilles separat. Bruk gratisprogrammet DURAPRINT\u00ae tilgjengelig p\u00e5 www.duraprint.se for \u00e5 lage og skrive ut stilige navneetiketter.<br \/>\nTilbeh\u00f8r:<br \/>\nBadgemaker\u00ae-etiketter p\u00e5 A4-ark for utskrift i skriver, varenr <\/p>","protected":false},"excerpt":{"rendered":"<p>Hengende navneskilt i liggende format 60x90mm med smal tekstilkrage. Utskj\u00e6ring foran for enkelt kortskifte. 10 stk\/boks<\/p>","protected":false},"featured_media":134624,"template":"","meta":{"_acf_changed":false},"product_brand":[],"product_cat":[4283],"product_tag":[4393],"class_list":{"0":"post-115207","1":"product","2":"type-product","3":"status-publish","4":"has-post-thumbnail","6":"product_cat-namnskyltar-med-nyckelband","7":"product_tag-gra","8":"product_shipping_class-tunga-paket","9":"pa_brands-durable","10":"pa_farg-gra","11":"tm-no-options","13":"first","14":"instock","15":"sale","16":"taxable","17":"shipping-taxable","18":"purchasable","19":"product-type-simple"},"acf":[],"_links":{"self":[{"href":"https:\/\/secureus.se\/no\/wp-json\/wp\/v2\/product\/115207","targetHints":{"allow":["GET"]}}],"collection":[{"href":"https:\/\/secureus.se\/no\/wp-json\/wp\/v2\/product"}],"about":[{"href":"https:\/\/secureus.se\/no\/wp-json\/wp\/v2\/types\/product"}],"wp:featuredmedia":[{"embeddable":true,"href":"https:\/\/secureus.se\/no\/wp-json\/wp\/v2\/media\/134624"}],"wp:attachment":[{"href":"https:\/\/secureus.se\/no\/wp-json\/wp\/v2\/media?parent=115207"}],"wp:term":[{"taxonomy":"product_brand","embeddable":true,"href":"https:\/\/secureus.se\/no\/wp-json\/wp\/v2\/product_brand?post=115207"},{"taxonomy":"product_cat","embeddable":true,"href":"https:\/\/secureus.se\/no\/wp-json\/wp\/v2\/product_cat?post=115207"},{"taxonomy":"product_tag","embeddable":true,"href":"https:\/\/secureus.se\/no\/wp-json\/wp\/v2\/product_tag?post=115207"}],"curies":[{"name":"wp","href":"https:\/\/api.w.org\/{rel}","templated":true}]}}