{"id":115243,"date":"2024-11-05T18:45:39","date_gmt":"2024-11-05T17:45:39","guid":{"rendered":"https:\/\/secureus.se\/?post_type=product&#038;p=115243"},"modified":"2026-01-12T12:24:13","modified_gmt":"2026-01-12T11:24:13","slug":"dorrskylt-crystal-sign-297x420-a3-staende","status":"publish","type":"product","link":"https:\/\/secureus.se\/no\/dorrskylt-crystal-sign-297x420-a3-staende\/","title":{"rendered":"D\u00f8rskilt KRYSTALLSKILT 297\u00d7420 (A3 portrett)"},"content":{"rendered":"<p>Stilige d\u00f8r- og veggskilt i ulike design hjelper bes\u00f8kende med \u00e5 orientere seg og informere om hvem, hvilken avdeling, funksjon eller konferanserom som ligger hvor i lokalene. CRYSTAL SIGN skiltserien best\u00e5r av 2 stk akrylplater med et frostet innleggsark mellom for teksten og alt holdes sammen av dekorative skruer. Skiltet skrus fast med et avstandsstykke i metall, som gj\u00f8r at skiltet sitter 3 cm ut fra veggen. Borehullmal, monteringsanvisning, 2 frostede innsatsark samt skrue og plugg medf\u00f8lger. Design skiltet ved hjelp av gratisprogrammet DURAPRINT\u00ae tilgjengelig p\u00e5 www.duraprint.se. og skriv ut med laserskriver p\u00e5 det frostede innleggsarket i skiltst\u00f8rrelse st\u00e5ende A3 (297\u00d7420 mm.)<br \/>\nTilbeh\u00f8r: Refill frostede innleggsark artikkelnummer 483619   <\/p>","protected":false},"excerpt":{"rendered":"<p>Elegant og diskret d\u00f8rskilt av akrylplast i vertikalt A3-format (297x420mm).<\/p>","protected":false},"featured_media":135271,"template":"","meta":{"_acf_changed":false},"product_brand":[],"product_cat":[4264],"product_tag":[4376],"class_list":{"0":"post-115243","1":"product","2":"type-product","3":"status-publish","4":"has-post-thumbnail","6":"product_cat-dorrskyltar-i-akryl","7":"product_tag-transparent","8":"product_shipping_class-tunga-paket","9":"pa_brands-durable","10":"pa_farg-transparent","11":"tm-no-options","13":"first","14":"instock","15":"sale","16":"taxable","17":"shipping-taxable","18":"purchasable","19":"product-type-simple"},"acf":[],"_links":{"self":[{"href":"https:\/\/secureus.se\/no\/wp-json\/wp\/v2\/product\/115243","targetHints":{"allow":["GET"]}}],"collection":[{"href":"https:\/\/secureus.se\/no\/wp-json\/wp\/v2\/product"}],"about":[{"href":"https:\/\/secureus.se\/no\/wp-json\/wp\/v2\/types\/product"}],"wp:featuredmedia":[{"embeddable":true,"href":"https:\/\/secureus.se\/no\/wp-json\/wp\/v2\/media\/135271"}],"wp:attachment":[{"href":"https:\/\/secureus.se\/no\/wp-json\/wp\/v2\/media?parent=115243"}],"wp:term":[{"taxonomy":"product_brand","embeddable":true,"href":"https:\/\/secureus.se\/no\/wp-json\/wp\/v2\/product_brand?post=115243"},{"taxonomy":"product_cat","embeddable":true,"href":"https:\/\/secureus.se\/no\/wp-json\/wp\/v2\/product_cat?post=115243"},{"taxonomy":"product_tag","embeddable":true,"href":"https:\/\/secureus.se\/no\/wp-json\/wp\/v2\/product_tag?post=115243"}],"curies":[{"name":"wp","href":"https:\/\/api.w.org\/{rel}","templated":true}]}}