{"id":115300,"date":"2024-11-20T14:03:11","date_gmt":"2024-11-20T13:03:11","guid":{"rendered":"https:\/\/secureus.se\/?post_type=product&#038;p=115300"},"modified":"2026-01-12T12:23:26","modified_gmt":"2026-01-12T11:23:26","slug":"magnetklamma-sjalvhaftande-durafix-clip-60-mm","status":"publish","type":"product","link":"https:\/\/secureus.se\/no\/magnetklamma-sjalvhaftande-durafix-clip-60-mm\/","title":{"rendered":"Magnetisk klips selvklebende DURAFIX\u00ae CLIP 60 mm"},"content":{"rendered":"<p>Legg ut notater, p\u00e5minnelser og mer raskt og enkelt med DURAFIX\u00ae. Enkel h\u00e5ndtering: fest den selvklebende magnetklemmen, \u00e5pne, sett inn en lapp og lukk. Klemmen plasseres p\u00e5 glatte overflater som skap, glassd\u00f8rer, kj\u00f8leskap eller messeutstillinger og etterlater ingen spor n\u00e5r den fjernes fra glatte overflater. M\u00e5l: 60x17 mm (BxH). Veske med 5 DURAFIX\u00ae CLIP-klemmer.<\/p>","protected":false},"excerpt":{"rendered":"<p>Magnetisk klips for notater, p\u00e5minnelser osv. Selvklebende p\u00e5 glatte overflater.<\/p>","protected":false},"featured_media":134657,"template":"","meta":{"_acf_changed":false},"product_brand":[],"product_cat":[4269],"product_tag":[4381],"class_list":{"0":"post-115300","1":"product","2":"type-product","3":"status-publish","4":"has-post-thumbnail","6":"product_cat-magnetisk-fastsattning","7":"product_tag-svart","8":"product_shipping_class-tunga-paket","9":"pa_brands-durable","10":"pa_farg-svart","11":"tm-no-options","13":"first","14":"instock","15":"sale","16":"taxable","17":"shipping-taxable","18":"purchasable","19":"product-type-simple"},"acf":[],"_links":{"self":[{"href":"https:\/\/secureus.se\/no\/wp-json\/wp\/v2\/product\/115300","targetHints":{"allow":["GET"]}}],"collection":[{"href":"https:\/\/secureus.se\/no\/wp-json\/wp\/v2\/product"}],"about":[{"href":"https:\/\/secureus.se\/no\/wp-json\/wp\/v2\/types\/product"}],"wp:featuredmedia":[{"embeddable":true,"href":"https:\/\/secureus.se\/no\/wp-json\/wp\/v2\/media\/134657"}],"wp:attachment":[{"href":"https:\/\/secureus.se\/no\/wp-json\/wp\/v2\/media?parent=115300"}],"wp:term":[{"taxonomy":"product_brand","embeddable":true,"href":"https:\/\/secureus.se\/no\/wp-json\/wp\/v2\/product_brand?post=115300"},{"taxonomy":"product_cat","embeddable":true,"href":"https:\/\/secureus.se\/no\/wp-json\/wp\/v2\/product_cat?post=115300"},{"taxonomy":"product_tag","embeddable":true,"href":"https:\/\/secureus.se\/no\/wp-json\/wp\/v2\/product_tag?post=115300"}],"curies":[{"name":"wp","href":"https:\/\/api.w.org\/{rel}","templated":true}]}}