{"id":115319,"date":"2024-11-20T14:14:37","date_gmt":"2024-11-20T13:14:37","guid":{"rendered":"https:\/\/secureus.se\/?post_type=product&#038;p=115319"},"modified":"2026-01-12T12:04:04","modified_gmt":"2026-01-12T11:04:04","slug":"pallficka-a4l-vikbar-kant","status":"publish","type":"product","link":"https:\/\/secureus.se\/no\/pallficka-a4l-vikbar-kant\/","title":{"rendered":"Palllomme A4L brettekant"},"content":{"rendered":"<p>Tydelig og omfattende merking av pallekrager, paller og kartonger forbedrer og effektiviserer arbeidsprosessen p\u00e5 lager og i produksjonsanlegg. Disse plastlommene laget av slitesterk polypropylen er skannbare og beskytter de utskiftbare innsatsene mot smuss og slitasje. Lommene leveres flate og er klargjort for \u00e5 brettes for to ulike funksjoner. Brett en gang og det blir en lomme som er vinklet i 90\u00b0 og kan settes inn mellom stablede kartonger. Ingenting trenger \u00e5 limes til pappen og lommen holdes p\u00e5 plass av vekten av pappen over. Brett to ganger og det blir som en b\u00f8yd lomme til \u00e5 henge over f.eks pallekragekanter som er maks 22 mm. En gratis mal for etiketten er tilgjengelig p\u00e5 www.duraprint.se.<br \/>\nInnvendige m\u00e5l: A4L (297 x 210 mm B x H)<br \/>\nYtre m\u00e5l: 317 x 321 mm B x H<br \/>\nTilbeh\u00f8r: Etiketter p\u00e5 A4-ark, art. nr. 485602<\/p>","protected":false},"excerpt":{"rendered":"<p>Pallelomme for merking av pallekrager og kartonger. Velg mellom \u00e5 stikke lommen mellom stablede kartonger eller henge over kanten p\u00e5 pallen.<\/p>","protected":false},"featured_media":133734,"template":"","meta":{"_acf_changed":false},"product_brand":[],"product_cat":[4306],"product_tag":[4395],"class_list":{"0":"post-115319","1":"product","2":"type-product","3":"status-publish","4":"has-post-thumbnail","6":"product_cat-markning-pallstall","7":"product_tag-gul","8":"product_shipping_class-tunga-paket","9":"pa_brands-durable","10":"pa_farg-gul","11":"tm-no-options","13":"first","14":"instock","15":"sale","16":"taxable","17":"shipping-taxable","18":"purchasable","19":"product-type-simple"},"acf":[],"_links":{"self":[{"href":"https:\/\/secureus.se\/no\/wp-json\/wp\/v2\/product\/115319","targetHints":{"allow":["GET"]}}],"collection":[{"href":"https:\/\/secureus.se\/no\/wp-json\/wp\/v2\/product"}],"about":[{"href":"https:\/\/secureus.se\/no\/wp-json\/wp\/v2\/types\/product"}],"wp:featuredmedia":[{"embeddable":true,"href":"https:\/\/secureus.se\/no\/wp-json\/wp\/v2\/media\/133734"}],"wp:attachment":[{"href":"https:\/\/secureus.se\/no\/wp-json\/wp\/v2\/media?parent=115319"}],"wp:term":[{"taxonomy":"product_brand","embeddable":true,"href":"https:\/\/secureus.se\/no\/wp-json\/wp\/v2\/product_brand?post=115319"},{"taxonomy":"product_cat","embeddable":true,"href":"https:\/\/secureus.se\/no\/wp-json\/wp\/v2\/product_cat?post=115319"},{"taxonomy":"product_tag","embeddable":true,"href":"https:\/\/secureus.se\/no\/wp-json\/wp\/v2\/product_tag?post=115319"}],"curies":[{"name":"wp","href":"https:\/\/api.w.org\/{rel}","templated":true}]}}