{"id":115334,"date":"2024-11-20T14:03:12","date_gmt":"2024-11-20T13:03:12","guid":{"rendered":"https:\/\/secureus.se\/?post_type=product&#038;p=115334"},"modified":"2025-09-15T12:39:40","modified_gmt":"2025-09-15T10:39:40","slug":"magnetklamma-sjalvhaftande-durafix-clip-60-mm-10-pack-2","status":"publish","type":"product","link":"https:\/\/secureus.se\/no\/magnetklamma-sjalvhaftande-durafix-clip-60-mm-10-pack-2\/","title":{"rendered":"Magnetisk klips selvklebende DURAFIX\u00ae CLIP 60 mm 10-pakning"},"content":{"rendered":"<p>Legg ut notater, p\u00e5minnelser og mer raskt og enkelt med DURAFIX\u00ae. Enkel h\u00e5ndtering: fest den selvklebende magnetklemmen, \u00e5pne, sett inn en lapp og lukk. Klipsen plasseres p\u00e5 glatte overflater som skap, glassd\u00f8rer, kj\u00f8leskap eller messeutstillinger og etterlater ingen spor n\u00e5r den fjernes fra glatte overflater. M\u00e5l: 60x17 mm (BxH). Pose med 10 DURAFIX\u00ae CLIP-klemmer<\/p>","protected":false},"excerpt":{"rendered":"<p>Magnetisk klips for notater, p\u00e5minnelser osv. Selvklebende p\u00e5 glatte overflater.<\/p>","protected":false},"featured_media":115316,"template":"","meta":{"_acf_changed":false},"product_brand":[],"product_cat":[4269],"product_tag":[],"class_list":{"0":"post-115334","1":"product","2":"type-product","3":"status-publish","4":"has-post-thumbnail","6":"product_cat-magnetisk-fastsattning","7":"pa_brands-durable","8":"pa_farg-silver","9":"tm-no-options","11":"first","12":"instock","13":"sale","14":"taxable","15":"shipping-taxable","16":"purchasable","17":"product-type-simple"},"acf":[],"_links":{"self":[{"href":"https:\/\/secureus.se\/no\/wp-json\/wp\/v2\/product\/115334","targetHints":{"allow":["GET"]}}],"collection":[{"href":"https:\/\/secureus.se\/no\/wp-json\/wp\/v2\/product"}],"about":[{"href":"https:\/\/secureus.se\/no\/wp-json\/wp\/v2\/types\/product"}],"wp:featuredmedia":[{"embeddable":true,"href":"https:\/\/secureus.se\/no\/wp-json\/wp\/v2\/media\/115316"}],"wp:attachment":[{"href":"https:\/\/secureus.se\/no\/wp-json\/wp\/v2\/media?parent=115334"}],"wp:term":[{"taxonomy":"product_brand","embeddable":true,"href":"https:\/\/secureus.se\/no\/wp-json\/wp\/v2\/product_brand?post=115334"},{"taxonomy":"product_cat","embeddable":true,"href":"https:\/\/secureus.se\/no\/wp-json\/wp\/v2\/product_cat?post=115334"},{"taxonomy":"product_tag","embeddable":true,"href":"https:\/\/secureus.se\/no\/wp-json\/wp\/v2\/product_tag?post=115334"}],"curies":[{"name":"wp","href":"https:\/\/api.w.org\/{rel}","templated":true}]}}