{"id":115366,"date":"2024-11-20T14:03:42","date_gmt":"2024-11-20T13:03:42","guid":{"rendered":"https:\/\/secureus.se\/?post_type=product&#038;p=115366"},"modified":"2025-09-15T12:40:21","modified_gmt":"2025-09-15T10:40:21","slug":"klamlist-magnetisk-durafix-rail-297-mm","status":"publish","type":"product","link":"https:\/\/secureus.se\/no\/klamlist-magnetisk-durafix-rail-297-mm\/","title":{"rendered":"Klemmelist magnetisk DURAFIX\u00ae SKINNE 297 mm"},"content":{"rendered":"<p>Legg ut notater, p\u00e5minnelser og mer raskt og enkelt med DURAFIX\u00ae. Enkel h\u00e5ndtering: fest den selvklebende magnetstripen, \u00e5pne, legg en lapp og lukk. Listen monteres p\u00e5 glatte overflater som skap, glassd\u00f8rer, butikkvinduer, tavler eller messestativ og etterlater ingen spor n\u00e5r den fjernes fra glatte overflater. Bruk en eller to lister for \u00e5 sette opp informasjonen. Ser flott ut fra begge sider av en glassrute. Dimensjoner: 297\u00d717 mm (BxH) egnet for A4 liggende og A3 st\u00e5ende format. Pose med 5 DURAFIX\u00aeRAIL klemskinner.<\/p>","protected":false},"excerpt":{"rendered":"<p>Selvklebende magnetisk klips for dokumenter og notater. For A4 liggende eller A3 st\u00e5ende format.<\/p>","protected":false},"featured_media":115368,"template":"","meta":{"_acf_changed":false},"product_brand":[],"product_cat":[4269],"product_tag":[],"class_list":{"0":"post-115366","1":"product","2":"type-product","3":"status-publish","4":"has-post-thumbnail","6":"product_cat-magnetisk-fastsattning","7":"pa_brands-durable","8":"pa_farg-silver","9":"tm-no-options","11":"first","12":"instock","13":"sale","14":"taxable","15":"shipping-taxable","16":"purchasable","17":"product-type-simple"},"acf":[],"_links":{"self":[{"href":"https:\/\/secureus.se\/no\/wp-json\/wp\/v2\/product\/115366","targetHints":{"allow":["GET"]}}],"collection":[{"href":"https:\/\/secureus.se\/no\/wp-json\/wp\/v2\/product"}],"about":[{"href":"https:\/\/secureus.se\/no\/wp-json\/wp\/v2\/types\/product"}],"wp:featuredmedia":[{"embeddable":true,"href":"https:\/\/secureus.se\/no\/wp-json\/wp\/v2\/media\/115368"}],"wp:attachment":[{"href":"https:\/\/secureus.se\/no\/wp-json\/wp\/v2\/media?parent=115366"}],"wp:term":[{"taxonomy":"product_brand","embeddable":true,"href":"https:\/\/secureus.se\/no\/wp-json\/wp\/v2\/product_brand?post=115366"},{"taxonomy":"product_cat","embeddable":true,"href":"https:\/\/secureus.se\/no\/wp-json\/wp\/v2\/product_cat?post=115366"},{"taxonomy":"product_tag","embeddable":true,"href":"https:\/\/secureus.se\/no\/wp-json\/wp\/v2\/product_tag?post=115366"}],"curies":[{"name":"wp","href":"https:\/\/api.w.org\/{rel}","templated":true}]}}