{"id":115372,"date":"2024-11-20T13:56:58","date_gmt":"2024-11-20T12:56:58","guid":{"rendered":"https:\/\/secureus.se\/?post_type=product&#038;p=115372"},"modified":"2026-01-12T12:26:53","modified_gmt":"2026-01-12T11:26:53","slug":"inforam-sjalvhaftande-duraframe-a3-4","status":"publish","type":"product","link":"https:\/\/secureus.se\/no\/inforam-sjalvhaftande-duraframe-a3-4\/","title":{"rendered":"Inforamme selvklebende DURAFRAME\u00ae A3"},"content":{"rendered":"<p>Bruk selvklebende DURAFRAME\u00ae inforammer for \u00e5 vise kampanjetilbud, \u00e5pningstider, skilt og annen midlertidig eller mer permanent informasjon p\u00e5 en profesjonell, rask og enkel m\u00e5te:<br \/>\nFjern beskyttelsespapiret - fest Duraframe - l\u00f8ft fronten med magnetlukkingen - sett inn ett eller to ark - brett ned fronten - ferdig! Enkel \u00e5 sette opp \u2013 uten verkt\u00f8y eller annet tilbeh\u00f8r \u2013 p\u00e5 faste og glatte overflater. Ryddig og enklere h\u00e5ndtering enn for eksempel tape, stifter eller stifter. Innsatsen holder seg sikkert p\u00e5 plass i b\u00e5de st\u00e5ende og liggende posisjoner takket v\u00e6re magneter p\u00e5 alle 3 \u00e5pningsbare sidene. Rammen ser lik ut foran og bak, noe som er flott n\u00e5r den plasseres p\u00e5 glassruter for en tosidig melding. Den kan tas av fra glassruter. Malte, belagte eller laminerte overflater kan bli skadet hvis rammen fjernes.<br \/>\nFor dokumenter i A3-format. Ytterm\u00e5l 325x445mm. DURAFRAME\u00ae er tilgjengelig for dokumenter fra A6 til A2 i ulike pakkest\u00f8rrelser. Finnes i flere farger slik at skiltingen passer til budskap, logofarge, \u00e5rstid eller er synlig nok eller kanskje motsatt \u2013 er diskret.<br \/>\nEmballasje med 2 stk.<\/p>\n<p>For bruk p\u00e5 f\u00f8lsomme underlag som tapet, malte, belagte eller laminerte overflater, bruk DURAFRAME\u00ae WALLPAPER.<br \/>\nFor bruk p\u00e5 soleksponerte glassoverflater anbefaler vi DURAFRAME\u00ae SUN. <\/p>","protected":false},"excerpt":{"rendered":"<p>Selvklebende inforamme for \u00e5 vise informasjon pent. Front med magnetisk lukking for enkelt innleggsbytte. <\/p>","protected":false},"featured_media":134825,"template":"","meta":{"_acf_changed":false},"product_brand":[],"product_cat":[4296],"product_tag":[4381],"class_list":{"0":"post-115372","1":"product","2":"type-product","3":"status-publish","4":"has-post-thumbnail","6":"product_cat-inforamar-for-slata-ytor","7":"product_tag-svart","8":"product_shipping_class-tunga-paket","9":"pa_brands-durable","10":"pa_farg-svart","11":"tm-no-options","13":"first","14":"instock","15":"sale","16":"taxable","17":"shipping-taxable","18":"purchasable","19":"product-type-simple"},"acf":[],"_links":{"self":[{"href":"https:\/\/secureus.se\/no\/wp-json\/wp\/v2\/product\/115372","targetHints":{"allow":["GET"]}}],"collection":[{"href":"https:\/\/secureus.se\/no\/wp-json\/wp\/v2\/product"}],"about":[{"href":"https:\/\/secureus.se\/no\/wp-json\/wp\/v2\/types\/product"}],"wp:featuredmedia":[{"embeddable":true,"href":"https:\/\/secureus.se\/no\/wp-json\/wp\/v2\/media\/134825"}],"wp:attachment":[{"href":"https:\/\/secureus.se\/no\/wp-json\/wp\/v2\/media?parent=115372"}],"wp:term":[{"taxonomy":"product_brand","embeddable":true,"href":"https:\/\/secureus.se\/no\/wp-json\/wp\/v2\/product_brand?post=115372"},{"taxonomy":"product_cat","embeddable":true,"href":"https:\/\/secureus.se\/no\/wp-json\/wp\/v2\/product_cat?post=115372"},{"taxonomy":"product_tag","embeddable":true,"href":"https:\/\/secureus.se\/no\/wp-json\/wp\/v2\/product_tag?post=115372"}],"curies":[{"name":"wp","href":"https:\/\/api.w.org\/{rel}","templated":true}]}}