{"id":115376,"date":"2024-11-20T14:16:23","date_gmt":"2024-11-20T13:16:23","guid":{"rendered":"https:\/\/secureus.se\/?post_type=product&#038;p=115376"},"modified":"2026-01-12T12:05:58","modified_gmt":"2026-01-12T11:05:58","slug":"plastficka-a5l-med-tradbygel-2","status":"publish","type":"product","link":"https:\/\/secureus.se\/no\/plastficka-a5l-med-tradbygel-2\/","title":{"rendered":"Plastlomme A5L med wireklemme"},"content":{"rendered":"<p>Tydelig og oversiktlig merking av containere, pallekrager, pallekasser og nettingvegger forbedrer og effektiviserer arbeidsprosessen p\u00e5 lager og i produksjonsanlegg. Plastlommene laget av slitesterk polypropylen kan leses med en skanner. Et deksel gj\u00f8r at innlegget er beskyttet mot smuss og fuktighet, ogs\u00e5 utend\u00f8rs. Festes med en galvanisert, fleksibel wireklips. En gratis mal for etiketten er tilgjengelig p\u00e5 www.duraprint.se.<br \/>\nInnvendige m\u00e5l: A5L (210\u00d7148 mm B x H)<br \/>\nYtre m\u00e5l: 223\u00d7218 mm (B x H)<br \/>\nYtre m\u00e5l med st\u00e5ltr\u00e5den: 329\u00d7226 mm (B x H)<br \/>\nTilbeh\u00f8r: Etiketter p\u00e5 A4-ark, art. nr. 485502<\/p>","protected":false},"excerpt":{"rendered":"<p>Plastlomme med tr\u00e5doppheng til bruk p\u00e5 f.eks netting, pallekrager, pallekasser. Med et beskyttende deksel over \u00e5pningen.<\/p>","protected":false},"featured_media":133851,"template":"","meta":{"_acf_changed":false},"product_brand":[],"product_cat":[4306],"product_tag":[4387],"class_list":{"0":"post-115376","1":"product","2":"type-product","3":"status-publish","4":"has-post-thumbnail","6":"product_cat-markning-pallstall","7":"product_tag-bla","8":"product_shipping_class-tunga-paket","9":"pa_brands-durable","10":"pa_farg-bla","11":"tm-no-options","13":"first","14":"instock","15":"sale","16":"taxable","17":"shipping-taxable","18":"purchasable","19":"product-type-simple"},"acf":[],"_links":{"self":[{"href":"https:\/\/secureus.se\/no\/wp-json\/wp\/v2\/product\/115376","targetHints":{"allow":["GET"]}}],"collection":[{"href":"https:\/\/secureus.se\/no\/wp-json\/wp\/v2\/product"}],"about":[{"href":"https:\/\/secureus.se\/no\/wp-json\/wp\/v2\/types\/product"}],"wp:featuredmedia":[{"embeddable":true,"href":"https:\/\/secureus.se\/no\/wp-json\/wp\/v2\/media\/133851"}],"wp:attachment":[{"href":"https:\/\/secureus.se\/no\/wp-json\/wp\/v2\/media?parent=115376"}],"wp:term":[{"taxonomy":"product_brand","embeddable":true,"href":"https:\/\/secureus.se\/no\/wp-json\/wp\/v2\/product_brand?post=115376"},{"taxonomy":"product_cat","embeddable":true,"href":"https:\/\/secureus.se\/no\/wp-json\/wp\/v2\/product_cat?post=115376"},{"taxonomy":"product_tag","embeddable":true,"href":"https:\/\/secureus.se\/no\/wp-json\/wp\/v2\/product_tag?post=115376"}],"curies":[{"name":"wp","href":"https:\/\/api.w.org\/{rel}","templated":true}]}}