{"id":115397,"date":"2024-11-20T14:14:10","date_gmt":"2024-11-20T13:14:10","guid":{"rendered":"https:\/\/secureus.se\/?post_type=product&#038;p=115397"},"modified":"2026-01-12T12:47:35","modified_gmt":"2026-01-12T11:47:35","slug":"namnskylt-click-fold-40x75nal-klamma","status":"publish","type":"product","link":"https:\/\/secureus.se\/no\/namnskylt-click-fold-40x75nal-klamma\/","title":{"rendered":"Navnelapp CLICK FOLD 40\u00d775, pin\/klips"},"content":{"rendered":"<p>Konferansedeltakere, bes\u00f8kende p\u00e5 bedrifter, ansatte p\u00e5 messer, i butikker, serviceyrker og selgere \u2013 listen kan utvides der det er behov for navnelapper i ulike st\u00f8rrelser, utforminger og festemuligheter. Clic Fold-serien er laget av 70% resirkulert polypropylenplast, sammenleggbar med &quot;snap lock&quot; for enkel utskifting av etiketten, som likevel alltid holder seg sikkert p\u00e5 plass. Dette navneskiltet 40x75mm med kombiklemme gir deg muligheten til hvordan du fester platen. Hvite etiketter i en stripe er inkludert. Etiketter p\u00e5 A4-ark for utskrift i printere kan bestilles separat. Bruk gratisprogrammet DURAPRINT\u00ae som er tilgjengelig p\u00e5 www.duraprint.se for \u00e5 lage og skrive ut stilige navneetiketter.<br \/>\nTilbeh\u00f8r:<br \/>\nBadgemaker\u00ae-etiketter p\u00e5 A4-ark for utskrift i skriver, varenr<\/p>","protected":false},"excerpt":{"rendered":"<p>Lett konveks sammenleggbar navnelapp med &quot;snap lock&quot; som kan festes med sikkerhetsn\u00e5l eller klips. St\u00f8rrelse 40x75mm. 25 stk\/eske<\/p>","protected":false},"featured_media":133916,"template":"","meta":{"_acf_changed":false},"product_brand":[],"product_cat":[4282],"product_tag":[4376],"class_list":{"0":"post-115397","1":"product","2":"type-product","3":"status-publish","4":"has-post-thumbnail","6":"product_cat-namnskyltar-med-nal","7":"product_tag-transparent","8":"product_shipping_class-tunga-paket","9":"pa_brands-durable","10":"pa_farg-transparent","11":"tm-no-options","13":"first","14":"instock","15":"sale","16":"taxable","17":"shipping-taxable","18":"purchasable","19":"product-type-simple"},"acf":[],"_links":{"self":[{"href":"https:\/\/secureus.se\/no\/wp-json\/wp\/v2\/product\/115397","targetHints":{"allow":["GET"]}}],"collection":[{"href":"https:\/\/secureus.se\/no\/wp-json\/wp\/v2\/product"}],"about":[{"href":"https:\/\/secureus.se\/no\/wp-json\/wp\/v2\/types\/product"}],"wp:featuredmedia":[{"embeddable":true,"href":"https:\/\/secureus.se\/no\/wp-json\/wp\/v2\/media\/133916"}],"wp:attachment":[{"href":"https:\/\/secureus.se\/no\/wp-json\/wp\/v2\/media?parent=115397"}],"wp:term":[{"taxonomy":"product_brand","embeddable":true,"href":"https:\/\/secureus.se\/no\/wp-json\/wp\/v2\/product_brand?post=115397"},{"taxonomy":"product_cat","embeddable":true,"href":"https:\/\/secureus.se\/no\/wp-json\/wp\/v2\/product_cat?post=115397"},{"taxonomy":"product_tag","embeddable":true,"href":"https:\/\/secureus.se\/no\/wp-json\/wp\/v2\/product_tag?post=115397"}],"curies":[{"name":"wp","href":"https:\/\/api.w.org\/{rel}","templated":true}]}}