{"id":115400,"date":"2024-11-20T14:10:23","date_gmt":"2024-11-20T13:10:23","guid":{"rendered":"https:\/\/secureus.se\/?post_type=product&#038;p=115400"},"modified":"2026-01-12T11:59:55","modified_gmt":"2026-01-12T10:59:55","slug":"golvmarkeringstejp-duraline-50-05-2","status":"publish","type":"product","link":"https:\/\/secureus.se\/no\/golvmarkeringstejp-duraline-50-05-2\/","title":{"rendered":"Gulvmerkeb\u00e5nd DURALINE\u00ae 50\/05"},"content":{"rendered":"<p>Selvklebende merketape for innend\u00f8rs bruk. Brukes til permanent merking av omr\u00e5der som trenger oppmerksomhet, f.eks. trafikksoner og restriksjonsomr\u00e5der. Festes p\u00e5 rene og t\u00f8rre betonggulv. Slitesterk og slitesterk med anti-skli rating R9 i henhold til DIN51130.<br \/>\nDimensjoner (B x L): Rull p\u00e5 30 m, 50 mm bred, tykkelse 0,5 mm<\/p>","protected":false},"excerpt":{"rendered":"<p>Selvklebende ensfarget gulvmerkingstape for \u00e5 skape orden og sikkerhet i lager og industri. 0,5 mm tykk.<\/p>","protected":false},"featured_media":133822,"template":"","meta":{"_acf_changed":false},"product_brand":[],"product_cat":[4303],"product_tag":[4398],"class_list":{"0":"post-115400","1":"product","2":"type-product","3":"status-publish","4":"has-post-thumbnail","6":"product_cat-golvtejp","7":"product_tag-gron","8":"product_shipping_class-tunga-paket","9":"pa_brands-durable","10":"pa_farg-gron","11":"tm-no-options","13":"first","14":"instock","15":"sale","16":"taxable","17":"shipping-taxable","18":"purchasable","19":"product-type-simple"},"acf":[],"_links":{"self":[{"href":"https:\/\/secureus.se\/no\/wp-json\/wp\/v2\/product\/115400","targetHints":{"allow":["GET"]}}],"collection":[{"href":"https:\/\/secureus.se\/no\/wp-json\/wp\/v2\/product"}],"about":[{"href":"https:\/\/secureus.se\/no\/wp-json\/wp\/v2\/types\/product"}],"wp:featuredmedia":[{"embeddable":true,"href":"https:\/\/secureus.se\/no\/wp-json\/wp\/v2\/media\/133822"}],"wp:attachment":[{"href":"https:\/\/secureus.se\/no\/wp-json\/wp\/v2\/media?parent=115400"}],"wp:term":[{"taxonomy":"product_brand","embeddable":true,"href":"https:\/\/secureus.se\/no\/wp-json\/wp\/v2\/product_brand?post=115400"},{"taxonomy":"product_cat","embeddable":true,"href":"https:\/\/secureus.se\/no\/wp-json\/wp\/v2\/product_cat?post=115400"},{"taxonomy":"product_tag","embeddable":true,"href":"https:\/\/secureus.se\/no\/wp-json\/wp\/v2\/product_tag?post=115400"}],"curies":[{"name":"wp","href":"https:\/\/api.w.org\/{rel}","templated":true}]}}