{"id":115422,"date":"2024-12-07T15:21:14","date_gmt":"2024-12-07T14:21:14","guid":{"rendered":"https:\/\/secureus.se\/?post_type=product&#038;p=115422"},"modified":"2026-01-12T12:53:08","modified_gmt":"2026-01-12T11:53:08","slug":"magnet-set-faste-till-plastkort","status":"publish","type":"product","link":"https:\/\/secureus.se\/no\/magnet-set-faste-till-plastkort\/","title":{"rendered":"Magnetsett, feste for plastkort"},"content":{"rendered":"<p>10 selvklebende par magneter til bruk med DURACARD plastkort. Selvklebende tape som fester metallplaten til plastkortet. To magnetpunkter p\u00e5 selve magneten slik at kortet sitter godt p\u00e5 plass n\u00e5r det brukes som navneskilt. OPPMERKSOMHET! Ikke egnet for personer med pacemaker. Tilbeh\u00f8r: Plastkort, varenr 891402 og 891502.<\/p>","protected":false},"excerpt":{"rendered":"<p>Selvklebende magnet for bruk med plastkort.<\/p>","protected":false},"featured_media":135437,"template":"","meta":{"_acf_changed":false},"product_brand":[],"product_cat":[4269],"product_tag":[],"class_list":{"0":"post-115422","1":"product","2":"type-product","3":"status-publish","4":"has-post-thumbnail","6":"product_cat-magnetisk-fastsattning","7":"product_shipping_class-tunga-paket","8":"pa_brands-durable","9":"tm-no-options","11":"first","12":"instock","13":"sale","14":"taxable","15":"shipping-taxable","16":"purchasable","17":"product-type-simple"},"acf":[],"_links":{"self":[{"href":"https:\/\/secureus.se\/no\/wp-json\/wp\/v2\/product\/115422","targetHints":{"allow":["GET"]}}],"collection":[{"href":"https:\/\/secureus.se\/no\/wp-json\/wp\/v2\/product"}],"about":[{"href":"https:\/\/secureus.se\/no\/wp-json\/wp\/v2\/types\/product"}],"wp:featuredmedia":[{"embeddable":true,"href":"https:\/\/secureus.se\/no\/wp-json\/wp\/v2\/media\/135437"}],"wp:attachment":[{"href":"https:\/\/secureus.se\/no\/wp-json\/wp\/v2\/media?parent=115422"}],"wp:term":[{"taxonomy":"product_brand","embeddable":true,"href":"https:\/\/secureus.se\/no\/wp-json\/wp\/v2\/product_brand?post=115422"},{"taxonomy":"product_cat","embeddable":true,"href":"https:\/\/secureus.se\/no\/wp-json\/wp\/v2\/product_cat?post=115422"},{"taxonomy":"product_tag","embeddable":true,"href":"https:\/\/secureus.se\/no\/wp-json\/wp\/v2\/product_tag?post=115422"}],"curies":[{"name":"wp","href":"https:\/\/api.w.org\/{rel}","templated":true}]}}