{"id":115497,"date":"2024-11-20T14:15:57","date_gmt":"2024-11-20T13:15:57","guid":{"rendered":"https:\/\/secureus.se\/?post_type=product&#038;p=115497"},"modified":"2026-01-12T12:06:33","modified_gmt":"2026-01-12T11:06:33","slug":"plastficka-a4s-sjalvhaftande","status":"publish","type":"product","link":"https:\/\/secureus.se\/no\/plastficka-a4s-sjalvhaftande\/","title":{"rendered":"Plastlomme A4S selvklebende"},"content":{"rendered":"<p>Tydelig og omfattende merking av hyller, skap, d\u00f8rer, paller, containere og andre rom forbedrer og effektiviserer arbeidsprosessen p\u00e5 lager og i produksjonsanlegg. De selvklebende plastlommene laget av slitesterk polypropylen kan leses med en skanner og beskytter de utskiftbare etikettene mot smuss. To selvklebende striper p\u00e5 baksiden holder lommen p\u00e5 plass. En gratis mal for etiketten er tilgjengelig p\u00e5 www.duraprint.se.<br \/>\nInnvendige m\u00e5l: A4S (210 x 297 mm B x H)<br \/>\nYtre m\u00e5l: 233\u00d7313 mm (B x H)<br \/>\nTilbeh\u00f8r: Etiketter p\u00e5 A4-ark, art. nr. 485602<\/p>","protected":false},"excerpt":{"rendered":"<p>Plastlomme med to selvklebende strips p\u00e5 baksiden. For mer permanent bruk p\u00e5 f.eks paller og containere.<\/p>","protected":false},"featured_media":133862,"template":"","meta":{"_acf_changed":false},"product_brand":[],"product_cat":[4306],"product_tag":[4387],"class_list":{"0":"post-115497","1":"product","2":"type-product","3":"status-publish","4":"has-post-thumbnail","6":"product_cat-markning-pallstall","7":"product_tag-bla","8":"product_shipping_class-tunga-paket","9":"pa_brands-durable","10":"pa_farg-bla","11":"tm-no-options","13":"first","14":"instock","15":"sale","16":"taxable","17":"shipping-taxable","18":"purchasable","19":"product-type-simple"},"acf":[],"_links":{"self":[{"href":"https:\/\/secureus.se\/no\/wp-json\/wp\/v2\/product\/115497","targetHints":{"allow":["GET"]}}],"collection":[{"href":"https:\/\/secureus.se\/no\/wp-json\/wp\/v2\/product"}],"about":[{"href":"https:\/\/secureus.se\/no\/wp-json\/wp\/v2\/types\/product"}],"wp:featuredmedia":[{"embeddable":true,"href":"https:\/\/secureus.se\/no\/wp-json\/wp\/v2\/media\/133862"}],"wp:attachment":[{"href":"https:\/\/secureus.se\/no\/wp-json\/wp\/v2\/media?parent=115497"}],"wp:term":[{"taxonomy":"product_brand","embeddable":true,"href":"https:\/\/secureus.se\/no\/wp-json\/wp\/v2\/product_brand?post=115497"},{"taxonomy":"product_cat","embeddable":true,"href":"https:\/\/secureus.se\/no\/wp-json\/wp\/v2\/product_cat?post=115497"},{"taxonomy":"product_tag","embeddable":true,"href":"https:\/\/secureus.se\/no\/wp-json\/wp\/v2\/product_tag?post=115497"}],"curies":[{"name":"wp","href":"https:\/\/api.w.org\/{rel}","templated":true}]}}