{"id":115499,"date":"2024-11-20T14:00:47","date_gmt":"2024-11-20T13:00:47","guid":{"rendered":"https:\/\/secureus.se\/?post_type=product&#038;p=115499"},"modified":"2026-01-12T12:24:26","modified_gmt":"2026-01-12T11:24:26","slug":"dorrskylt-info-sign-210x149-a5","status":"publish","type":"product","link":"https:\/\/secureus.se\/no\/dorrskylt-info-sign-210x149-a5\/","title":{"rendered":"D\u00f8rskilt INFOSKILT 210\u00d7149 (A5)"},"content":{"rendered":"<p>Stilige d\u00f8r- og veggskilt i ulike design hjelper bes\u00f8kende med \u00e5 orientere seg og informere om hvem, hvilken avdeling, funksjon eller konferanserom som ligger hvor i lokalet. INFO SIGN-skiltserien har bakside og kantlister i aluminium. Det hvite arket med tekst sitter beskyttet bak det ikke-reflekterende frontpanelet som glir inn i kantlistene og holdes p\u00e5 plass av to sorte fester. Mal for boring av hull, monteringsanvisning, hvit innsatsplate, skrue, plugg og festeputer medf\u00f8lger. Design dette horisontale A5-skiltet (210\u00d7149) ved hjelp av gratisprogrammet DURAPRINT\u00ae som er tilgjengelig p\u00e5 www.duraprint.se. Skriv ut p\u00e5 A4-ark med 2 etiketter per ark, som bestilles separat.<br \/>\nTilbeh\u00f8r: A4-ark for utskrift i laserskriver, artikkelnummer 485502. <\/p>","protected":false},"excerpt":{"rendered":"<p>Stilig d\u00f8rskilt i liggende A5, 210x149mm. Laget av aluminium med ikke-reflekterende frontpanel i akrylplast.<\/p>","protected":false},"featured_media":134932,"template":"","meta":{"_acf_changed":false},"product_brand":[],"product_cat":[4265],"product_tag":[4382],"class_list":{"0":"post-115499","1":"product","2":"type-product","3":"status-publish","4":"has-post-thumbnail","6":"product_cat-dorrskyltar-i-alumunium","7":"product_tag-silver","8":"product_shipping_class-tunga-paket","9":"pa_brands-durable","10":"pa_farg-silver","11":"tm-no-options","13":"first","14":"instock","15":"sale","16":"taxable","17":"shipping-taxable","18":"purchasable","19":"product-type-simple"},"acf":[],"_links":{"self":[{"href":"https:\/\/secureus.se\/no\/wp-json\/wp\/v2\/product\/115499","targetHints":{"allow":["GET"]}}],"collection":[{"href":"https:\/\/secureus.se\/no\/wp-json\/wp\/v2\/product"}],"about":[{"href":"https:\/\/secureus.se\/no\/wp-json\/wp\/v2\/types\/product"}],"wp:featuredmedia":[{"embeddable":true,"href":"https:\/\/secureus.se\/no\/wp-json\/wp\/v2\/media\/134932"}],"wp:attachment":[{"href":"https:\/\/secureus.se\/no\/wp-json\/wp\/v2\/media?parent=115499"}],"wp:term":[{"taxonomy":"product_brand","embeddable":true,"href":"https:\/\/secureus.se\/no\/wp-json\/wp\/v2\/product_brand?post=115499"},{"taxonomy":"product_cat","embeddable":true,"href":"https:\/\/secureus.se\/no\/wp-json\/wp\/v2\/product_cat?post=115499"},{"taxonomy":"product_tag","embeddable":true,"href":"https:\/\/secureus.se\/no\/wp-json\/wp\/v2\/product_tag?post=115499"}],"curies":[{"name":"wp","href":"https:\/\/api.w.org\/{rel}","templated":true}]}}