{"id":115505,"date":"2024-11-20T13:56:48","date_gmt":"2024-11-20T12:56:48","guid":{"rendered":"https:\/\/secureus.se\/?post_type=product&#038;p=115505"},"modified":"2026-01-12T12:29:35","modified_gmt":"2026-01-12T11:29:35","slug":"infoficka-a3-statiskt-vidhaftning-5-pack","status":"publish","type":"product","link":"https:\/\/secureus.se\/no\/infoficka-a3-statiskt-vidhaftning-5-pack\/","title":{"rendered":"Infolomme A3 statisk vedheft 5-pak"},"content":{"rendered":"<p>Bruk infolommen for tilbud, annonsering og informasjon plassert p\u00e5 innsiden av glassdisker, butikkvinduer eller bilvinduer. Lommen fester seg statisk til godt rengjorte, glatte glassflater \u2013 selv buede \u2013 og etterlater ingen merker n\u00e5r den fjernes. Varmebestandig opptil 70\u00b0 og UV-stabil opptil 2 \u00e5r. Et avlangt hull langs midten av lommen gj\u00f8r det lettere \u00e5 sette inn eller bytte dokumenter. Kan brukes flere ganger og i st\u00e5ende eller liggende format.<br \/>\nFor dokumenter i A3-format, innvendig m\u00e5l 303\u00d7430 mm. Ytterm\u00e5l 323\u00d7236 mm.<br \/>\nEmballasje med 5 stk.<\/p>","protected":false},"excerpt":{"rendered":"<p>Infolomme for innvendige glassflater - ogs\u00e5 buede, f.eks<\/p>","protected":false},"featured_media":135129,"template":"","meta":{"_acf_changed":false},"product_brand":[],"product_cat":[4294],"product_tag":[4394],"class_list":{"0":"post-115505","1":"product","2":"type-product","3":"status-publish","4":"has-post-thumbnail","6":"product_cat-inforamar-for-solexponerade-ytor","7":"product_tag-antracitgra","8":"product_shipping_class-tunga-paket","9":"pa_brands-durable","10":"pa_farg-antracitgra","11":"tm-no-options","13":"first","14":"instock","15":"sale","16":"taxable","17":"shipping-taxable","18":"purchasable","19":"product-type-simple"},"acf":[],"_links":{"self":[{"href":"https:\/\/secureus.se\/no\/wp-json\/wp\/v2\/product\/115505","targetHints":{"allow":["GET"]}}],"collection":[{"href":"https:\/\/secureus.se\/no\/wp-json\/wp\/v2\/product"}],"about":[{"href":"https:\/\/secureus.se\/no\/wp-json\/wp\/v2\/types\/product"}],"wp:featuredmedia":[{"embeddable":true,"href":"https:\/\/secureus.se\/no\/wp-json\/wp\/v2\/media\/135129"}],"wp:attachment":[{"href":"https:\/\/secureus.se\/no\/wp-json\/wp\/v2\/media?parent=115505"}],"wp:term":[{"taxonomy":"product_brand","embeddable":true,"href":"https:\/\/secureus.se\/no\/wp-json\/wp\/v2\/product_brand?post=115505"},{"taxonomy":"product_cat","embeddable":true,"href":"https:\/\/secureus.se\/no\/wp-json\/wp\/v2\/product_cat?post=115505"},{"taxonomy":"product_tag","embeddable":true,"href":"https:\/\/secureus.se\/no\/wp-json\/wp\/v2\/product_tag?post=115505"}],"curies":[{"name":"wp","href":"https:\/\/api.w.org\/{rel}","templated":true}]}}