{"id":115539,"date":"2024-11-20T14:11:21","date_gmt":"2024-11-20T13:11:21","guid":{"rendered":"https:\/\/secureus.se\/?post_type=product&#038;p=115539"},"modified":"2025-09-15T12:43:57","modified_gmt":"2025-09-15T10:43:57","slug":"kabelsamlare-cavoline-grip-30","status":"publish","type":"product","link":"https:\/\/secureus.se\/no\/kabelsamlare-cavoline-grip-30\/","title":{"rendered":"Kabelsamler CAVOLINE\u00ae GRIP 30"},"content":{"rendered":"<p>Hold kablene i orden med CAVOLINE\u00ae b\u00e5de p\u00e5 kontoret og i hjemmemilj\u00f8et. Samle kablene og det ser penere ut og er ogs\u00e5 lettere \u00e5 rengj\u00f8re.<br \/>\nDen 3 cm brede borrel\u00e5sen kuttes til \u00f8nsket lengde for \u00e5 passe til forskjellige bunter. B\u00e5ndet kan brukes flere ganger.<br \/>\n  Dimensjoner: 1 m x 3 cm (L x B)<\/p>","protected":false},"excerpt":{"rendered":"<p>Kabelsamler laget av 3 cm bred borrel\u00e5s som klippes til \u00f8nsket lengde.<\/p>","protected":false},"featured_media":133820,"template":"","meta":{"_acf_changed":false},"product_brand":[],"product_cat":[4287],"product_tag":[4381],"class_list":{"0":"post-115539","1":"product","2":"type-product","3":"status-publish","4":"has-post-thumbnail","6":"product_cat-kabelsamlare","7":"product_tag-svart","8":"pa_brands-durable","9":"pa_farg-svart","10":"tm-no-options","12":"first","13":"instock","14":"sale","15":"taxable","16":"shipping-taxable","17":"purchasable","18":"product-type-simple"},"acf":[],"_links":{"self":[{"href":"https:\/\/secureus.se\/no\/wp-json\/wp\/v2\/product\/115539","targetHints":{"allow":["GET"]}}],"collection":[{"href":"https:\/\/secureus.se\/no\/wp-json\/wp\/v2\/product"}],"about":[{"href":"https:\/\/secureus.se\/no\/wp-json\/wp\/v2\/types\/product"}],"wp:featuredmedia":[{"embeddable":true,"href":"https:\/\/secureus.se\/no\/wp-json\/wp\/v2\/media\/133820"}],"wp:attachment":[{"href":"https:\/\/secureus.se\/no\/wp-json\/wp\/v2\/media?parent=115539"}],"wp:term":[{"taxonomy":"product_brand","embeddable":true,"href":"https:\/\/secureus.se\/no\/wp-json\/wp\/v2\/product_brand?post=115539"},{"taxonomy":"product_cat","embeddable":true,"href":"https:\/\/secureus.se\/no\/wp-json\/wp\/v2\/product_cat?post=115539"},{"taxonomy":"product_tag","embeddable":true,"href":"https:\/\/secureus.se\/no\/wp-json\/wp\/v2\/product_tag?post=115539"}],"curies":[{"name":"wp","href":"https:\/\/api.w.org\/{rel}","templated":true}]}}