{"id":115567,"date":"2024-12-07T15:21:15","date_gmt":"2024-12-07T14:21:15","guid":{"rendered":"https:\/\/secureus.se\/?post_type=product&#038;p=115567"},"modified":"2026-01-12T12:29:44","modified_gmt":"2026-01-12T11:29:44","slug":"plastficka-vattentalig-a3-magnetisk","status":"publish","type":"product","link":"https:\/\/secureus.se\/no\/plastficka-vattentalig-a3-magnetisk\/","title":{"rendered":"Plastlomme vanntett A3 magnetisk"},"content":{"rendered":"<p>Vannbestandige og vanntette, v\u00e6r- og ripebestandige, UV-bestandige og ikke-reflekterende plastlommer for dobbeltsidig informasjon i milj\u00f8er utsatt for regn, fuktighet, sprut og skitt, f.eks. bassengomr\u00e5der, badstueanlegg, gj\u00f8r-det-selv-haller og hagebutikker . Vaskbar og kan desinfiseres. Skiltet\/informasjonen kan lages ved hjelp av maler som finnes i gratisprogrammet duraprint. Plastlommene kan brukes i st\u00e5ende eller liggende format, 2 stk 160g\/m2 A3 ark medf\u00f8lger. To magnetiske striper p\u00e5 baksiden av lommen gj\u00f8r at de kan feste seg til magnetiske glatte overflater. 5 stk i en pose. <\/p>","protected":false},"excerpt":{"rendered":"<p>Vanntett plastlomme for informasjon utend\u00f8rs og i fuktige innemilj\u00f8er. Festes til magnetiske overflater.<\/p>","protected":false},"featured_media":135485,"template":"","meta":{"_acf_changed":false},"product_brand":[],"product_cat":[4306],"product_tag":[4376],"class_list":{"0":"post-115567","1":"product","2":"type-product","3":"status-publish","4":"has-post-thumbnail","6":"product_cat-markning-pallstall","7":"product_tag-transparent","8":"product_shipping_class-tunga-paket","9":"pa_brands-durable","10":"pa_farg-transparent","11":"tm-no-options","13":"first","14":"instock","15":"sale","16":"taxable","17":"shipping-taxable","18":"purchasable","19":"product-type-simple"},"acf":[],"_links":{"self":[{"href":"https:\/\/secureus.se\/no\/wp-json\/wp\/v2\/product\/115567","targetHints":{"allow":["GET"]}}],"collection":[{"href":"https:\/\/secureus.se\/no\/wp-json\/wp\/v2\/product"}],"about":[{"href":"https:\/\/secureus.se\/no\/wp-json\/wp\/v2\/types\/product"}],"wp:featuredmedia":[{"embeddable":true,"href":"https:\/\/secureus.se\/no\/wp-json\/wp\/v2\/media\/135485"}],"wp:attachment":[{"href":"https:\/\/secureus.se\/no\/wp-json\/wp\/v2\/media?parent=115567"}],"wp:term":[{"taxonomy":"product_brand","embeddable":true,"href":"https:\/\/secureus.se\/no\/wp-json\/wp\/v2\/product_brand?post=115567"},{"taxonomy":"product_cat","embeddable":true,"href":"https:\/\/secureus.se\/no\/wp-json\/wp\/v2\/product_cat?post=115567"},{"taxonomy":"product_tag","embeddable":true,"href":"https:\/\/secureus.se\/no\/wp-json\/wp\/v2\/product_tag?post=115567"}],"curies":[{"name":"wp","href":"https:\/\/api.w.org\/{rel}","templated":true}]}}