{"id":115573,"date":"2024-12-07T15:21:13","date_gmt":"2024-12-07T14:21:13","guid":{"rendered":"https:\/\/secureus.se\/?post_type=product&#038;p=115573"},"modified":"2026-03-11T14:42:24","modified_gmt":"2026-03-11T13:42:24","slug":"nyckelskap-key-box-54-med-cylinderlas","status":"publish","type":"product","link":"https:\/\/secureus.se\/no\/nyckelskap-key-box-54-med-cylinderlas\/","title":{"rendered":"N\u00f8kkelskap N\u00d8KKELBOX 54 med sylinderl\u00e5s"},"content":{"rendered":"<p>Med ett nyckelsk\u00e5p finns det en naturlig plats att samla och f\u00f6rvara nycklarna, vilket skapar b\u00e4ttre ordning och s\u00e4kerhet. Durables designserie KEY BOX med olika nyckelsk\u00e5p \u00e4r tillverkade av aluminium med en \u00f6versk\u00e5dlig inneh\u00e5llsf\u00f6rteckning p\u00e5 insidan av d\u00f6rren. Nyckelbrickorna \u00e4r specialdesignade f\u00f6r att h\u00e4ngas mellan tv\u00e5 krokar p\u00e5 nyckellisten, vilket g\u00f6r att m\u00e4rkningen syns tydligt och nyckeln h\u00e4nger bakom nyckelbrickan. Ett set inneh\u00e5llande 6 st nyckelbrickor i r\u00f6tt, gult, bl\u00e5tt och svart ing\u00e5r, liksom skruv och plugg f\u00f6r monteringen. Mallar f\u00f6r utskrift av etiketter till nyckelbrickorna och nyckelf\u00f6rteckning kan laddas ned fr\u00e5n https:\/\/www.durable.se\/service\/ladda-ner\/mallar.html . Det h\u00e4r nyckelsk\u00e5pet har ett cylinderl\u00e5s som kommer med 2 nycklar och plats f\u00f6r 54 nycklar. M\u00e5tt: 28x30x12cm HxBxD<br \/>\nTilbeh\u00f8r: Ekstra n\u00f8kkelbrikker artikkelnummer 1957 i forskjellige farger.<\/p>","protected":false},"excerpt":{"rendered":"<p>N\u00f8kkelskap i aluminium for oppbevaring av 54 n\u00f8kler.<\/p>","protected":false},"featured_media":135305,"template":"","meta":{"_acf_changed":false},"product_brand":[],"product_cat":[1932],"product_tag":[4382],"class_list":{"0":"post-115573","1":"product","2":"type-product","3":"status-publish","4":"has-post-thumbnail","6":"product_cat-nyckelgomma-nyckelbox","7":"product_tag-silver","8":"product_shipping_class-tunga-paket","9":"pa_brands-durable","10":"pa_farg-silver","11":"tm-no-options","13":"first","14":"instock","15":"sale","16":"taxable","17":"shipping-taxable","18":"purchasable","19":"product-type-simple"},"acf":[],"_links":{"self":[{"href":"https:\/\/secureus.se\/no\/wp-json\/wp\/v2\/product\/115573","targetHints":{"allow":["GET"]}}],"collection":[{"href":"https:\/\/secureus.se\/no\/wp-json\/wp\/v2\/product"}],"about":[{"href":"https:\/\/secureus.se\/no\/wp-json\/wp\/v2\/types\/product"}],"wp:featuredmedia":[{"embeddable":true,"href":"https:\/\/secureus.se\/no\/wp-json\/wp\/v2\/media\/135305"}],"wp:attachment":[{"href":"https:\/\/secureus.se\/no\/wp-json\/wp\/v2\/media?parent=115573"}],"wp:term":[{"taxonomy":"product_brand","embeddable":true,"href":"https:\/\/secureus.se\/no\/wp-json\/wp\/v2\/product_brand?post=115573"},{"taxonomy":"product_cat","embeddable":true,"href":"https:\/\/secureus.se\/no\/wp-json\/wp\/v2\/product_cat?post=115573"},{"taxonomy":"product_tag","embeddable":true,"href":"https:\/\/secureus.se\/no\/wp-json\/wp\/v2\/product_tag?post=115573"}],"curies":[{"name":"wp","href":"https:\/\/api.w.org\/{rel}","templated":true}]}}