{"id":115574,"date":"2024-11-20T14:13:39","date_gmt":"2024-11-20T13:13:39","guid":{"rendered":"https:\/\/secureus.se\/?post_type=product&#038;p=115574"},"modified":"2026-01-12T12:49:21","modified_gmt":"2026-01-12T11:49:21","slug":"namnskylt-click-fold-40x75-med-magnet-fix-placehold","status":"publish","type":"product","link":"https:\/\/secureus.se\/no\/namnskylt-click-fold-40x75-med-magnet-fix-placehold\/","title":{"rendered":"Navneskilt CLICK FOLD 40\u00d775 med magnetfeste (plasser og hold)"},"content":{"rendered":"<p>Konferansedeltakere, bes\u00f8kende p\u00e5 bedrifter, ansatte p\u00e5 messer, i butikker, serviceyrker og selgere \u2013 listen kan utvides der det er behov for navnelapper i ulike st\u00f8rrelser, utforminger og festemuligheter. Clic Fold-serien er laget av 70% resirkulert polypropylenplast, sammenleggbar med &quot;snap lock&quot; for enkel utskifting av etiketten, som likevel alltid holder seg sikkert p\u00e5 plass. Denne navnelappen p\u00e5 40x75 mm har et tekstilvennlig magnetisk feste som fungerer godt p\u00e5 sarte kl\u00e6r. Magnetfestet er festet slik at navneskiltet forblir i \u00f8nsket posisjon og ikke dreier i noen retning. OPPMERKSOMHET! Ikke egnet for personer med pacemaker. Hvite etiketter i en stripe er inkludert. Etiketter p\u00e5 A4-ark for utskrift i printere kan bestilles separat. Bruk gratisprogrammet DURAPRINT\u00ae tilgjengelig p\u00e5 www.duraprint.se for \u00e5 lage og skrive ut stilige navneetiketter.<br \/>\nTilbeh\u00f8r:<br \/>\nBadgemaker\u00ae-etiketter p\u00e5 A4-ark for utskrift i skriver, varenr<\/p>","protected":false},"excerpt":{"rendered":"<p>Lett konveks navneskilt 40\u00d775 med &quot;snapl\u00e5s&quot; slik at etiketten ikke kan falle ut. Fast magnetisk feste som holder navneskiltet i \u00f8nsket posisjon. 10 stk\/boks<\/p>","protected":false},"featured_media":133763,"template":"","meta":{"_acf_changed":false},"product_brand":[],"product_cat":[4286],"product_tag":[4376],"class_list":{"0":"post-115574","1":"product","2":"type-product","3":"status-publish","4":"has-post-thumbnail","6":"product_cat-namnskyltar-med-magnet","7":"product_tag-transparent","8":"product_shipping_class-tunga-paket","9":"pa_brands-durable","10":"pa_farg-transparent","11":"tm-no-options","13":"first","14":"instock","15":"sale","16":"taxable","17":"shipping-taxable","18":"purchasable","19":"product-type-simple"},"acf":[],"_links":{"self":[{"href":"https:\/\/secureus.se\/no\/wp-json\/wp\/v2\/product\/115574","targetHints":{"allow":["GET"]}}],"collection":[{"href":"https:\/\/secureus.se\/no\/wp-json\/wp\/v2\/product"}],"about":[{"href":"https:\/\/secureus.se\/no\/wp-json\/wp\/v2\/types\/product"}],"wp:featuredmedia":[{"embeddable":true,"href":"https:\/\/secureus.se\/no\/wp-json\/wp\/v2\/media\/133763"}],"wp:attachment":[{"href":"https:\/\/secureus.se\/no\/wp-json\/wp\/v2\/media?parent=115574"}],"wp:term":[{"taxonomy":"product_brand","embeddable":true,"href":"https:\/\/secureus.se\/no\/wp-json\/wp\/v2\/product_brand?post=115574"},{"taxonomy":"product_cat","embeddable":true,"href":"https:\/\/secureus.se\/no\/wp-json\/wp\/v2\/product_cat?post=115574"},{"taxonomy":"product_tag","embeddable":true,"href":"https:\/\/secureus.se\/no\/wp-json\/wp\/v2\/product_tag?post=115574"}],"curies":[{"name":"wp","href":"https:\/\/api.w.org\/{rel}","templated":true}]}}