{"id":115647,"date":"2024-11-20T14:14:57","date_gmt":"2024-11-20T13:14:57","guid":{"rendered":"https:\/\/secureus.se\/?post_type=product&#038;p=115647"},"modified":"2026-01-12T12:03:56","modified_gmt":"2026-01-12T11:03:56","slug":"pallfotsficka-145-x-75-mm","status":"publish","type":"product","link":"https:\/\/secureus.se\/no\/pallfotsficka-145-x-75-mm\/","title":{"rendered":"Fotlomme 145 x 75 mm"},"content":{"rendered":"<p>Tydelig og omfattende merking av paller forbedrer og effektiviserer arbeidsprosessen p\u00e5 lager og i produksjonsanlegg. Disse plastlommene laget av slitesterk polypropylen kan leses med en skanner og beskytter de utskiftbare innsatsene mot smuss og slitasje samtidig som det er enkelt \u00e5 identifisere pallene. Banneret plasseres rundt foten av pallen og lukkes med borrel\u00e5s. Lommer med tommelgrep p\u00e5 alle fire sider gj\u00f8r det enkelt \u00e5 ta av og erstatte etiketten. En gratis mal for etiketten er tilgjengelig p\u00e5 www.duraprint.se<br \/>\nInnvendige m\u00e5l: 140 x 65\/90 x 65 (BxH)<br \/>\nYtre dimensjoner: 596 x 75 x 0,8 mm (BxHxD)<br \/>\nTilbeh\u00f8r: Etiketter p\u00e5 A4-ark, art. nr. 101002<\/p>","protected":false},"excerpt":{"rendered":"<p>Pallefotlomme for merking av paller. Festes rundt foten av pallen med borrel\u00e5s.<\/p>","protected":false},"featured_media":133551,"template":"","meta":{"_acf_changed":false},"product_brand":[],"product_cat":[4306],"product_tag":[4395],"class_list":{"0":"post-115647","1":"product","2":"type-product","3":"status-publish","4":"has-post-thumbnail","6":"product_cat-markning-pallstall","7":"product_tag-gul","8":"product_shipping_class-tunga-paket","9":"pa_brands-durable","10":"pa_farg-gul","11":"tm-no-options","13":"first","14":"instock","15":"sale","16":"taxable","17":"shipping-taxable","18":"purchasable","19":"product-type-simple"},"acf":[],"_links":{"self":[{"href":"https:\/\/secureus.se\/no\/wp-json\/wp\/v2\/product\/115647","targetHints":{"allow":["GET"]}}],"collection":[{"href":"https:\/\/secureus.se\/no\/wp-json\/wp\/v2\/product"}],"about":[{"href":"https:\/\/secureus.se\/no\/wp-json\/wp\/v2\/types\/product"}],"wp:featuredmedia":[{"embeddable":true,"href":"https:\/\/secureus.se\/no\/wp-json\/wp\/v2\/media\/133551"}],"wp:attachment":[{"href":"https:\/\/secureus.se\/no\/wp-json\/wp\/v2\/media?parent=115647"}],"wp:term":[{"taxonomy":"product_brand","embeddable":true,"href":"https:\/\/secureus.se\/no\/wp-json\/wp\/v2\/product_brand?post=115647"},{"taxonomy":"product_cat","embeddable":true,"href":"https:\/\/secureus.se\/no\/wp-json\/wp\/v2\/product_cat?post=115647"},{"taxonomy":"product_tag","embeddable":true,"href":"https:\/\/secureus.se\/no\/wp-json\/wp\/v2\/product_tag?post=115647"}],"curies":[{"name":"wp","href":"https:\/\/api.w.org\/{rel}","templated":true}]}}