{"id":115689,"date":"2024-11-05T17:26:33","date_gmt":"2024-11-05T16:26:33","guid":{"rendered":"https:\/\/secureus.se\/?post_type=product&#038;p=115689"},"modified":"2026-01-12T12:37:38","modified_gmt":"2026-01-12T11:37:38","slug":"sherpa-panel-a4-5","status":"publish","type":"product","link":"https:\/\/secureus.se\/no\/sherpa-panel-a4-5\/","title":{"rendered":"SHERPA\u00ae PANEL A4"},"content":{"rendered":"<p>Refleksfri, skannbare lommer med farget ramme for dokumenter i A4-format som prislister, sedler etc. som er beskyttet i lommen. For bruk i oversiktssystemer med pigger integrert i holderen. \u00c5pning \u00f8verst for endring av dokumenter. Laget av polypropylenplast. SHERPA\u00ae PANEL er rammen som inng\u00e5r i de komplette settene i SHERPA\u00b0- og VARIO\u00b0-seriene fra DURABLE. Minimumskj\u00f8p er en pakke med 5 paneler (svart, r\u00f8d, gul, gr\u00f8nn og bl\u00e5). 5 \u00e5rs garanti. Garantivilk\u00e5rene finner du her: https:\/\/www.durable.se\/sv_SE\/service\/garanti\/garanti-foer-sherpa-vario\/<br \/>\nTilbeh\u00f8r: Toppholder artikkelnummer 560919 aller 560319<\/p>","protected":false},"excerpt":{"rendered":"<p>Plastlomme med farget ramme. Passer til bord og veggstativ som har piggene integrert i braketten.<\/p>","protected":false},"featured_media":135292,"template":"","meta":{"_acf_changed":false},"product_brand":[],"product_cat":[4301],"product_tag":[4404],"class_list":{"0":"post-115689","1":"product","2":"type-product","3":"status-publish","4":"has-post-thumbnail","6":"product_cat-tillbehor-till-bladderpanelsystem","7":"product_tag-grafitgra","8":"product_shipping_class-tunga-paket","9":"pa_brands-durable","10":"pa_farg-grafitgra","11":"tm-no-options","13":"first","14":"instock","15":"sale","16":"taxable","17":"shipping-taxable","18":"purchasable","19":"product-type-simple"},"acf":[],"_links":{"self":[{"href":"https:\/\/secureus.se\/no\/wp-json\/wp\/v2\/product\/115689","targetHints":{"allow":["GET"]}}],"collection":[{"href":"https:\/\/secureus.se\/no\/wp-json\/wp\/v2\/product"}],"about":[{"href":"https:\/\/secureus.se\/no\/wp-json\/wp\/v2\/types\/product"}],"wp:featuredmedia":[{"embeddable":true,"href":"https:\/\/secureus.se\/no\/wp-json\/wp\/v2\/media\/135292"}],"wp:attachment":[{"href":"https:\/\/secureus.se\/no\/wp-json\/wp\/v2\/media?parent=115689"}],"wp:term":[{"taxonomy":"product_brand","embeddable":true,"href":"https:\/\/secureus.se\/no\/wp-json\/wp\/v2\/product_brand?post=115689"},{"taxonomy":"product_cat","embeddable":true,"href":"https:\/\/secureus.se\/no\/wp-json\/wp\/v2\/product_cat?post=115689"},{"taxonomy":"product_tag","embeddable":true,"href":"https:\/\/secureus.se\/no\/wp-json\/wp\/v2\/product_tag?post=115689"}],"curies":[{"name":"wp","href":"https:\/\/api.w.org\/{rel}","templated":true}]}}