{"id":115747,"date":"2024-11-05T17:25:59","date_gmt":"2024-11-05T16:25:59","guid":{"rendered":"https:\/\/secureus.se\/?post_type=product&#038;p=115747"},"modified":"2026-01-12T12:37:24","modified_gmt":"2026-01-12T11:37:24","slug":"sherpa-panel-bact-o-clean-a4","status":"publish","type":"product","link":"https:\/\/secureus.se\/no\/sherpa-panel-bact-o-clean-a4\/","title":{"rendered":"SHERPA\u00ae PANEL BACT-O-CLEAN A4"},"content":{"rendered":"<p>Polypropylen plastlommer som har et tilsetningsstoff som hindrer vekst av mikroorganismer. SHERPA\u00ae PANEL BACT-O-CLEAN er perfekt for informasjon som brukes av mange, f.eks i helsevesenet eller i storkj\u00f8kken. For dokumenter i A4-format, egnet for bruk i oversiktssystemer med pigger integrert i holderen. \u00c5pning \u00f8verst og langs venstre side for enkelt bytte av dokumenter. 5 \u00e5rs garanti. Garantivilk\u00e5rene finner du her: https:\/\/www.durable.se\/sv_SE\/service\/garanti\/garanti-foer-sherpa-vario\/<\/p>","protected":false},"excerpt":{"rendered":"<p>BACT-O-CLEAN behandlet plastlomme. Passer til bord og veggstativ som har piggene integrert i braketten.<\/p>","protected":false},"featured_media":135761,"template":"","meta":{"_acf_changed":false},"product_brand":[],"product_cat":[4301],"product_tag":[],"class_list":{"0":"post-115747","1":"product","2":"type-product","3":"status-publish","4":"has-post-thumbnail","6":"product_cat-tillbehor-till-bladderpanelsystem","7":"product_shipping_class-tunga-paket","8":"pa_brands-durable","9":"pa_farg-ljusbla","10":"tm-no-options","12":"first","13":"instock","14":"sale","15":"taxable","16":"shipping-taxable","17":"purchasable","18":"product-type-simple"},"acf":[],"_links":{"self":[{"href":"https:\/\/secureus.se\/no\/wp-json\/wp\/v2\/product\/115747","targetHints":{"allow":["GET"]}}],"collection":[{"href":"https:\/\/secureus.se\/no\/wp-json\/wp\/v2\/product"}],"about":[{"href":"https:\/\/secureus.se\/no\/wp-json\/wp\/v2\/types\/product"}],"wp:featuredmedia":[{"embeddable":true,"href":"https:\/\/secureus.se\/no\/wp-json\/wp\/v2\/media\/135761"}],"wp:attachment":[{"href":"https:\/\/secureus.se\/no\/wp-json\/wp\/v2\/media?parent=115747"}],"wp:term":[{"taxonomy":"product_brand","embeddable":true,"href":"https:\/\/secureus.se\/no\/wp-json\/wp\/v2\/product_brand?post=115747"},{"taxonomy":"product_cat","embeddable":true,"href":"https:\/\/secureus.se\/no\/wp-json\/wp\/v2\/product_cat?post=115747"},{"taxonomy":"product_tag","embeddable":true,"href":"https:\/\/secureus.se\/no\/wp-json\/wp\/v2\/product_tag?post=115747"}],"curies":[{"name":"wp","href":"https:\/\/api.w.org\/{rel}","templated":true}]}}