{"id":115760,"date":"2024-11-05T17:25:50","date_gmt":"2024-11-05T16:25:50","guid":{"rendered":"https:\/\/secureus.se\/?post_type=product&#038;p=115760"},"modified":"2026-01-12T12:36:24","modified_gmt":"2026-01-12T11:36:24","slug":"sherpa-panel-pin-a4","status":"publish","type":"product","link":"https:\/\/secureus.se\/no\/sherpa-panel-pin-a4\/","title":{"rendered":"SHERPA\u00ae PANELPIN A4"},"content":{"rendered":"<p>SHERPA\u00ae PANEL PIN er ikke-reflekterende, skannbare lommer med farget ramme for dokumenter i A4-format som prislister, notater etc. som er beskyttet i lommen. Med pigger p\u00e5 panel for bruk i oversiktssystemer med forborede hull. \u00c5pning \u00f8verst for endring av dokumenter. Laget av polypropylenplast. Minimumskj\u00f8p er en pakke med 5 paneler. 5 \u00e5rs garanti. Garantivilk\u00e5rene finner du her: https:\/\/www.durable.se\/sv_SE\/service\/garanti\/garanti-foer-sherpa-vario\/<br \/>\nTilbeh\u00f8r: Toppholder artikkelnummer 560919 aller 560319<\/p>","protected":false},"excerpt":{"rendered":"<p>Plastlomme med farget ramme og integrerte pigger. Passer til bord og veggstativ som har hull til rammene (andre merker enn DURABLE)<\/p>","protected":false},"featured_media":135304,"template":"","meta":{"_acf_changed":false},"product_brand":[],"product_cat":[4301],"product_tag":[4381],"class_list":{"0":"post-115760","1":"product","2":"type-product","3":"status-publish","4":"has-post-thumbnail","6":"product_cat-tillbehor-till-bladderpanelsystem","7":"product_tag-svart","8":"product_shipping_class-tunga-paket","9":"pa_brands-durable","10":"pa_farg-svart","11":"tm-no-options","13":"first","14":"instock","15":"sale","16":"taxable","17":"shipping-taxable","18":"purchasable","19":"product-type-simple"},"acf":[],"_links":{"self":[{"href":"https:\/\/secureus.se\/no\/wp-json\/wp\/v2\/product\/115760","targetHints":{"allow":["GET"]}}],"collection":[{"href":"https:\/\/secureus.se\/no\/wp-json\/wp\/v2\/product"}],"about":[{"href":"https:\/\/secureus.se\/no\/wp-json\/wp\/v2\/types\/product"}],"wp:featuredmedia":[{"embeddable":true,"href":"https:\/\/secureus.se\/no\/wp-json\/wp\/v2\/media\/135304"}],"wp:attachment":[{"href":"https:\/\/secureus.se\/no\/wp-json\/wp\/v2\/media?parent=115760"}],"wp:term":[{"taxonomy":"product_brand","embeddable":true,"href":"https:\/\/secureus.se\/no\/wp-json\/wp\/v2\/product_brand?post=115760"},{"taxonomy":"product_cat","embeddable":true,"href":"https:\/\/secureus.se\/no\/wp-json\/wp\/v2\/product_cat?post=115760"},{"taxonomy":"product_tag","embeddable":true,"href":"https:\/\/secureus.se\/no\/wp-json\/wp\/v2\/product_tag?post=115760"}],"curies":[{"name":"wp","href":"https:\/\/api.w.org\/{rel}","templated":true}]}}