{"id":115817,"date":"2024-11-20T14:04:21","date_gmt":"2024-11-20T13:04:21","guid":{"rendered":"https:\/\/secureus.se\/?post_type=product&#038;p=115817"},"modified":"2026-01-12T12:10:57","modified_gmt":"2026-01-12T11:10:57","slug":"forsta-hjalpen-produkter-set-l-din-131572021","status":"publish","type":"product","link":"https:\/\/secureus.se\/no\/forsta-hjalpen-produkter-set-l-din-131572021\/","title":{"rendered":"F\u00f8rstehjelpsprodukter sett L DIN 13157:2021"},"content":{"rendered":"<p>Samle f\u00f8rstehjelpsutstyr, hodepinetabletter og lignende p\u00e5 ett sted, slik at det er lett tilgjengelig ved behov. F\u00d8RSTEHJELPSKIT L er et komplett utvalg av f\u00f8rstehjelpsartikler, f.eks. plaster, kompresser, bandasjer, tape, plasthansker, redningsteppe (som beskytter mot hypotermi) i henhold til DIN 13157 (egnet for administrative og kommersielle bedrifter med opptil 50 ansatte. , produksjonsbedrifter med opptil 20 ansatte eller byggeplasser med opptil 10 ansatte). Egnet som fylling eller refill for F\u00d8RSTEHJELPSBOX L.<br \/>\nTilbeh\u00f8r: Tomt f\u00f8rstehjelpsskap, varenr 197323<\/p>","protected":false},"excerpt":{"rendered":"<p>Sett med 65 f\u00f8rstehjelpsartikler beregnet for bruk i arbeidsliv og foreningsliv.<\/p>","protected":false},"featured_media":133915,"template":"","meta":{"_acf_changed":false},"product_brand":[],"product_cat":[1573],"product_tag":[],"class_list":{"0":"post-115817","1":"product","2":"type-product","3":"status-publish","4":"has-post-thumbnail","6":"product_cat-forsta-hjalpen","7":"product_shipping_class-tunga-paket","8":"pa_brands-durable","9":"tm-no-options","11":"first","12":"instock","13":"sale","14":"taxable","15":"shipping-taxable","16":"purchasable","17":"product-type-simple"},"acf":[],"_links":{"self":[{"href":"https:\/\/secureus.se\/no\/wp-json\/wp\/v2\/product\/115817","targetHints":{"allow":["GET"]}}],"collection":[{"href":"https:\/\/secureus.se\/no\/wp-json\/wp\/v2\/product"}],"about":[{"href":"https:\/\/secureus.se\/no\/wp-json\/wp\/v2\/types\/product"}],"wp:featuredmedia":[{"embeddable":true,"href":"https:\/\/secureus.se\/no\/wp-json\/wp\/v2\/media\/133915"}],"wp:attachment":[{"href":"https:\/\/secureus.se\/no\/wp-json\/wp\/v2\/media?parent=115817"}],"wp:term":[{"taxonomy":"product_brand","embeddable":true,"href":"https:\/\/secureus.se\/no\/wp-json\/wp\/v2\/product_brand?post=115817"},{"taxonomy":"product_cat","embeddable":true,"href":"https:\/\/secureus.se\/no\/wp-json\/wp\/v2\/product_cat?post=115817"},{"taxonomy":"product_tag","embeddable":true,"href":"https:\/\/secureus.se\/no\/wp-json\/wp\/v2\/product_tag?post=115817"}],"curies":[{"name":"wp","href":"https:\/\/api.w.org\/{rel}","templated":true}]}}