{"id":115819,"date":"2024-11-05T17:19:50","date_gmt":"2024-11-05T16:19:50","guid":{"rendered":"https:\/\/secureus.se\/?post_type=product&#038;p=115819"},"modified":"2026-01-12T12:30:37","modified_gmt":"2026-01-12T11:30:37","slug":"sjalvhaftande-kabelhallare-cavoline-clip-4","status":"publish","type":"product","link":"https:\/\/secureus.se\/no\/sjalvhaftande-kabelhallare-cavoline-clip-4\/","title":{"rendered":"Selvklebende kabelholder CAVOLINE\u00ae CLIP 4"},"content":{"rendered":"<p>Hold kablene i orden med CAVOLINE\u00ae b\u00e5de p\u00e5 kontoret og i hjemmemilj\u00f8et. Samle kablene og det ser penere ut og er ogs\u00e5 lettere \u00e5 rengj\u00f8re.<br \/>\nSelvklebende kabelholder av myk plast for 4 USB- eller telefonkabler med maks diameter 5 mm. Festes p\u00e5 glatte og rene overflater. Dimensjoner: 20 x 12 x 82 mm (B x H x D)<\/p>","protected":false},"excerpt":{"rendered":"<p>Selvklebende kabelklemme for 4 telefon- eller USB-kabler.<\/p>","protected":false},"featured_media":135903,"template":"","meta":{"_acf_changed":false},"product_brand":[],"product_cat":[4287,4252],"product_tag":[4393],"class_list":{"0":"post-115819","1":"product","2":"type-product","3":"status-publish","4":"has-post-thumbnail","6":"product_cat-kabelsamlare","7":"product_cat-sjalvhaftande-fickor","8":"product_tag-gra","9":"product_shipping_class-tunga-paket","10":"pa_brands-durable","11":"pa_farg-gra","12":"tm-no-options","14":"first","15":"instock","16":"sale","17":"taxable","18":"shipping-taxable","19":"purchasable","20":"product-type-simple"},"acf":[],"_links":{"self":[{"href":"https:\/\/secureus.se\/no\/wp-json\/wp\/v2\/product\/115819","targetHints":{"allow":["GET"]}}],"collection":[{"href":"https:\/\/secureus.se\/no\/wp-json\/wp\/v2\/product"}],"about":[{"href":"https:\/\/secureus.se\/no\/wp-json\/wp\/v2\/types\/product"}],"wp:featuredmedia":[{"embeddable":true,"href":"https:\/\/secureus.se\/no\/wp-json\/wp\/v2\/media\/135903"}],"wp:attachment":[{"href":"https:\/\/secureus.se\/no\/wp-json\/wp\/v2\/media?parent=115819"}],"wp:term":[{"taxonomy":"product_brand","embeddable":true,"href":"https:\/\/secureus.se\/no\/wp-json\/wp\/v2\/product_brand?post=115819"},{"taxonomy":"product_cat","embeddable":true,"href":"https:\/\/secureus.se\/no\/wp-json\/wp\/v2\/product_cat?post=115819"},{"taxonomy":"product_tag","embeddable":true,"href":"https:\/\/secureus.se\/no\/wp-json\/wp\/v2\/product_tag?post=115819"}],"curies":[{"name":"wp","href":"https:\/\/api.w.org\/{rel}","templated":true}]}}