{"id":115835,"date":"2024-11-20T14:04:21","date_gmt":"2024-11-20T13:04:21","guid":{"rendered":"https:\/\/secureus.se\/?post_type=product&#038;p=115835"},"modified":"2026-01-12T12:10:19","modified_gmt":"2026-01-12T11:10:19","slug":"forsta-hjalpen-skap-first-aid-box-l-med-innehall-enl-din-131572021","status":"publish","type":"product","link":"https:\/\/secureus.se\/no\/forsta-hjalpen-skap-first-aid-box-l-med-innehall-enl-din-131572021\/","title":{"rendered":"F\u00f8rstehjelpsskap F\u00d8RSTEHJELPSBOKS L med innhold iht. DIN 13157:2021"},"content":{"rendered":"<p>Samle f\u00f8rstehjelpsutstyr, hodepinetabletter og lignende p\u00e5 ett sted, slik at det er lett tilgjengelig ved behov. Designet f\u00f8rstehjelpsskap laget av aluminium med 3 svingbare rom som kan fylles med innhold etter behov. Skrue og plugg for veggmontering og et selvklebende f\u00f8rstehjelpsmerke er inkludert. Sylinderl\u00e5s inkludert 2 n\u00f8kler gj\u00f8r skapet l\u00e5sbart. Leveres med FIRST AID KIT L \u2013 et komplett utvalg av f\u00f8rstehjelpsartikler, f.eks. plaster, kompresser, bandasjer, tape, plasthansker, redningsteppe (som beskytter mot hypotermi) i henhold til DIN 13157 (egnet for administrative og kommersielle bedrifter med opptil 50 stk. ansatte, produksjonsbedrifter med inntil 20 ansatte eller byggeplasser med inntil 10 ansatte). M\u00e5l: 40x30x12cm HxBxD. <\/p>","protected":false},"excerpt":{"rendered":"<p>F\u00f8rstehjelpsskap i aluminium med tre rom inkludert et sett med 65 f\u00f8rstehjelpsartikler.<\/p>","protected":false},"featured_media":133906,"template":"","meta":{"_acf_changed":false},"product_brand":[],"product_cat":[1573],"product_tag":[4382],"class_list":{"0":"post-115835","1":"product","2":"type-product","3":"status-publish","4":"has-post-thumbnail","6":"product_cat-forsta-hjalpen","7":"product_tag-silver","8":"product_shipping_class-tunga-paket","9":"pa_brands-durable","10":"pa_farg-silver","11":"tm-no-options","13":"first","14":"instock","15":"sale","16":"taxable","17":"shipping-taxable","18":"purchasable","19":"product-type-simple"},"acf":[],"_links":{"self":[{"href":"https:\/\/secureus.se\/no\/wp-json\/wp\/v2\/product\/115835","targetHints":{"allow":["GET"]}}],"collection":[{"href":"https:\/\/secureus.se\/no\/wp-json\/wp\/v2\/product"}],"about":[{"href":"https:\/\/secureus.se\/no\/wp-json\/wp\/v2\/types\/product"}],"wp:featuredmedia":[{"embeddable":true,"href":"https:\/\/secureus.se\/no\/wp-json\/wp\/v2\/media\/133906"}],"wp:attachment":[{"href":"https:\/\/secureus.se\/no\/wp-json\/wp\/v2\/media?parent=115835"}],"wp:term":[{"taxonomy":"product_brand","embeddable":true,"href":"https:\/\/secureus.se\/no\/wp-json\/wp\/v2\/product_brand?post=115835"},{"taxonomy":"product_cat","embeddable":true,"href":"https:\/\/secureus.se\/no\/wp-json\/wp\/v2\/product_cat?post=115835"},{"taxonomy":"product_tag","embeddable":true,"href":"https:\/\/secureus.se\/no\/wp-json\/wp\/v2\/product_tag?post=115835"}],"curies":[{"name":"wp","href":"https:\/\/api.w.org\/{rel}","templated":true}]}}