{"id":115858,"date":"2024-11-20T14:07:26","date_gmt":"2024-11-20T13:07:26","guid":{"rendered":"https:\/\/secureus.se\/?post_type=product&#038;p=115858"},"modified":"2026-01-12T13:01:32","modified_gmt":"2026-01-12T12:01:32","slug":"flexiboxx-12-a4-liggande-brochyrfack","status":"publish","type":"product","link":"https:\/\/secureus.se\/no\/flexiboxx-12-a4-liggande-brochyrfack\/","title":{"rendered":"FLEXIBOXX 12 A4 horisontalt brosjyrebrett"},"content":{"rendered":"<p>Skjemarom, brosjyrestativ, postkasse - FLEXIBOXX er en serie plassbesparende, fleksible og veggmonterte holdere for brosjyrer, magasiner, skjemaer og annen informasjon i A4-format. Hvert rom har en kapasitet p\u00e5 24 mm tykke bunter. Dette er et komplett sett med 12 rom i liggende format, frontpanel og skruer og plugger. Dimensjonene p\u00e5 hvert enkelt rom er 35x28x3,5 cm (BxHxD). Montert og montert vinklet ut fra veggen m\u00e5ler den 9,5cm og har en bredde p\u00e5 35cm og er 104cm h\u00f8y.<\/p>","protected":false},"excerpt":{"rendered":"<p>Komplett sett med 12 brosjyrebrett FLEXIBOXX A4 i liggende format og en frontplate.<\/p>","protected":false},"featured_media":133890,"template":"","meta":{"_acf_changed":false},"product_brand":[],"product_cat":[4280],"product_tag":[4376],"class_list":{"0":"post-115858","1":"product","2":"type-product","3":"status-publish","4":"has-post-thumbnail","6":"product_cat-broschyrstall","7":"product_tag-transparent","8":"product_shipping_class-tunga-paket","9":"pa_brands-durable","10":"pa_farg-transparent","11":"tm-no-options","13":"first","14":"instock","15":"sale","16":"taxable","17":"shipping-taxable","18":"purchasable","19":"product-type-simple"},"acf":[],"_links":{"self":[{"href":"https:\/\/secureus.se\/no\/wp-json\/wp\/v2\/product\/115858","targetHints":{"allow":["GET"]}}],"collection":[{"href":"https:\/\/secureus.se\/no\/wp-json\/wp\/v2\/product"}],"about":[{"href":"https:\/\/secureus.se\/no\/wp-json\/wp\/v2\/types\/product"}],"wp:featuredmedia":[{"embeddable":true,"href":"https:\/\/secureus.se\/no\/wp-json\/wp\/v2\/media\/133890"}],"wp:attachment":[{"href":"https:\/\/secureus.se\/no\/wp-json\/wp\/v2\/media?parent=115858"}],"wp:term":[{"taxonomy":"product_brand","embeddable":true,"href":"https:\/\/secureus.se\/no\/wp-json\/wp\/v2\/product_brand?post=115858"},{"taxonomy":"product_cat","embeddable":true,"href":"https:\/\/secureus.se\/no\/wp-json\/wp\/v2\/product_cat?post=115858"},{"taxonomy":"product_tag","embeddable":true,"href":"https:\/\/secureus.se\/no\/wp-json\/wp\/v2\/product_tag?post=115858"}],"curies":[{"name":"wp","href":"https:\/\/api.w.org\/{rel}","templated":true}]}}