{"id":115868,"date":"2025-01-07T11:02:23","date_gmt":"2025-01-07T10:02:23","guid":{"rendered":"https:\/\/secureus.se\/?post_type=product&#038;p=115868"},"modified":"2026-01-12T12:36:50","modified_gmt":"2026-01-12T11:36:50","slug":"bladderstall-function-safe-wall-10","status":"publish","type":"product","link":"https:\/\/secureus.se\/no\/bladderstall-function-safe-wall-10\/","title":{"rendered":"Flipover-stativ FUNKSJONSSIKKER VEGG 10"},"content":{"rendered":"<p>Informasjons- og presentasjonsstativer som har mange forskjellige navn; panel, display, oversiktssystem, vingeregister, PLU-holder, dokumentholder, jukselapp.... Uansett navn har den mange bruksomr\u00e5der p\u00e5 lager, i produksjonsanlegg, kasser osv. Informasjon som ofte brukes lagres, finnes raskt og er lett \u00e5 se i oversiktssystemet. FUNCTION SAFE WALL er en komplett veggholder i metall med 10 plastlommer med glidel\u00e5slukking p\u00e5 siden og faste topptekstholdere. For dokumenter i A4-format som oppbevares beskyttet mot smuss, st\u00f8v og fuktighet. N\u00e5r du setter inn og tar ut lommene, er det lurt \u00e5 b\u00f8ye lommen litt forsiktig p\u00e5 midten langs den indre langsiden, slik at det er enkelt \u00e5 sette inn og ta ut lommen uten \u00e5 skade piggene i holderen.<\/p>","protected":false},"excerpt":{"rendered":"<p>Komplett veggstativ i metall med 10 gjennomslagbare A4-paneler med glidel\u00e5s p\u00e5 siden.<\/p>","protected":false},"featured_media":134829,"template":"","meta":{"_acf_changed":false},"product_brand":[],"product_cat":[4301],"product_tag":[4397],"class_list":{"0":"post-115868","1":"product","2":"type-product","3":"status-publish","4":"has-post-thumbnail","6":"product_cat-tillbehor-till-bladderpanelsystem","7":"product_tag-mix","8":"product_shipping_class-tunga-paket","9":"pa_brands-durable","10":"pa_farg-mix","11":"tm-no-options","13":"first","14":"instock","15":"sale","16":"taxable","17":"shipping-taxable","18":"purchasable","19":"product-type-simple"},"acf":[],"_links":{"self":[{"href":"https:\/\/secureus.se\/no\/wp-json\/wp\/v2\/product\/115868","targetHints":{"allow":["GET"]}}],"collection":[{"href":"https:\/\/secureus.se\/no\/wp-json\/wp\/v2\/product"}],"about":[{"href":"https:\/\/secureus.se\/no\/wp-json\/wp\/v2\/types\/product"}],"wp:featuredmedia":[{"embeddable":true,"href":"https:\/\/secureus.se\/no\/wp-json\/wp\/v2\/media\/134829"}],"wp:attachment":[{"href":"https:\/\/secureus.se\/no\/wp-json\/wp\/v2\/media?parent=115868"}],"wp:term":[{"taxonomy":"product_brand","embeddable":true,"href":"https:\/\/secureus.se\/no\/wp-json\/wp\/v2\/product_brand?post=115868"},{"taxonomy":"product_cat","embeddable":true,"href":"https:\/\/secureus.se\/no\/wp-json\/wp\/v2\/product_cat?post=115868"},{"taxonomy":"product_tag","embeddable":true,"href":"https:\/\/secureus.se\/no\/wp-json\/wp\/v2\/product_tag?post=115868"}],"curies":[{"name":"wp","href":"https:\/\/api.w.org\/{rel}","templated":true}]}}