{"id":115869,"date":"2024-11-20T14:13:37","date_gmt":"2024-11-20T13:13:37","guid":{"rendered":"https:\/\/secureus.se\/?post_type=product&#038;p=115869"},"modified":"2026-01-12T12:51:43","modified_gmt":"2026-01-12T11:51:43","slug":"namnskylt-a6-halsband-duo-2","status":"publish","type":"product","link":"https:\/\/secureus.se\/no\/namnskylt-a6-halsband-duo-2\/","title":{"rendered":"Navneskilt A6, kjededuo"},"content":{"rendered":"<p>For deltakere p\u00e5 konferanser, arrangementer og kick-offs er det praktisk \u00e5 ha et arrangementsskilt som kan brukes som navneskilt, men ogs\u00e5 til programposter og annen informasjon. Dette er en A6 polypropylenlomme med visittkortlomme p\u00e5 baksiden, komplett med 2 cm bred tekstilkrage med sikkerhets\u00e5pning og to karabinkroker. Doble karabiner s\u00f8rger for at skiltet alltid henger rett slik at deltakerne ser hverandres navn. Halskjedet er 100 cm inkludert krokene og tekstilb\u00e5ndet alene er 88 cm. Hvite etiketter i en stripe er inkludert. Etiketter p\u00e5 A4-ark for utskrift i printere kan bestilles separat. Bruk gratisprogrammet DURAPRINT\u00ae som er tilgjengelig p\u00e5 www.duraprint.se for \u00e5 lage og skrive ut stilige navneetiketter.<br \/>\nTilbeh\u00f8r:<br \/>\nBadgemaker\u00ae-etiketter p\u00e5 A4-ark for utskrift i skriver, varenr<\/p>","protected":false},"excerpt":{"rendered":"<p>Navneskilt for arrangementer med A6-lomme med plass til f.eks. Komplett med tekstilkjede. <\/p>","protected":false},"featured_media":133777,"template":"","meta":{"_acf_changed":false},"product_brand":[],"product_cat":[4283],"product_tag":[4387],"class_list":{"0":"post-115869","1":"product","2":"type-product","3":"status-publish","4":"has-post-thumbnail","6":"product_cat-namnskyltar-med-nyckelband","7":"product_tag-bla","8":"product_shipping_class-tunga-paket","9":"pa_brands-durable","10":"pa_farg-bla","11":"tm-no-options","13":"first","14":"instock","15":"sale","16":"taxable","17":"shipping-taxable","18":"purchasable","19":"product-type-simple"},"acf":[],"_links":{"self":[{"href":"https:\/\/secureus.se\/no\/wp-json\/wp\/v2\/product\/115869","targetHints":{"allow":["GET"]}}],"collection":[{"href":"https:\/\/secureus.se\/no\/wp-json\/wp\/v2\/product"}],"about":[{"href":"https:\/\/secureus.se\/no\/wp-json\/wp\/v2\/types\/product"}],"wp:featuredmedia":[{"embeddable":true,"href":"https:\/\/secureus.se\/no\/wp-json\/wp\/v2\/media\/133777"}],"wp:attachment":[{"href":"https:\/\/secureus.se\/no\/wp-json\/wp\/v2\/media?parent=115869"}],"wp:term":[{"taxonomy":"product_brand","embeddable":true,"href":"https:\/\/secureus.se\/no\/wp-json\/wp\/v2\/product_brand?post=115869"},{"taxonomy":"product_cat","embeddable":true,"href":"https:\/\/secureus.se\/no\/wp-json\/wp\/v2\/product_cat?post=115869"},{"taxonomy":"product_tag","embeddable":true,"href":"https:\/\/secureus.se\/no\/wp-json\/wp\/v2\/product_tag?post=115869"}],"curies":[{"name":"wp","href":"https:\/\/api.w.org\/{rel}","templated":true}]}}