{"id":115903,"date":"2024-11-05T17:25:33","date_gmt":"2024-11-05T16:25:33","guid":{"rendered":"https:\/\/secureus.se\/?post_type=product&#038;p=115903"},"modified":"2026-01-12T12:35:45","modified_gmt":"2026-01-12T11:35:45","slug":"bladderpanelsystem-sherpa-soho-5","status":"publish","type":"product","link":"https:\/\/secureus.se\/no\/bladderpanelsystem-sherpa-soho-5\/","title":{"rendered":"Flippanelsystem SHERPA\u00ae SOHO 5"},"content":{"rendered":"<p>Informasjons- og presentasjonsstander som har mange forskjellige navn; panel, display, oversiktssystem, vingeregister, PLU holder, dokumentholder, lathund.... Uavhengig av navn har den mange bruksomr\u00e5der p\u00e5 kontorer, butikker, kj\u00f8kken, kasser, utstillinger etc. Informasjon som brukes hyppig lagres i oversiktssystemet, er oversiktlig og lett \u00e5 finne. SHERPA\u00ae SOHO, som st\u00e5r for lite kontor - hjemmekontor, er et lite bordstativ med 5 ikke-reflekterende, skannbare polypropylenplastlommer for dokumenter i A4-format. N\u00e5r du setter inn og tar ut lommene er det greit \u00e5 b\u00f8ye lommen litt forsiktig p\u00e5 midten langs den indre langsiden, s\u00e5 det er enkelt \u00e5 sette inn og ta ut lommen uten \u00e5 skade piggene i holderen. Gummif\u00f8tter gj\u00f8r at den st\u00e5r st\u00f8dig. 5 \u00e5rs garanti. Garantivilk\u00e5rene finner du her: https:\/\/www.durable.se\/sv_SE\/service\/garanti\/garanti-foer-sherpa-vario\/<br \/>\nTilbeh\u00f8r: Toppholder artikkelnummer 560919 eller 560319<\/p>","protected":false},"excerpt":{"rendered":"<p>Lite, komplett bordstativ med 5 oppbrettbare A4-paneler. Ofte brukt informasjon er raskt og tydelig tilgjengelig. <\/p>","protected":false},"featured_media":135315,"template":"","meta":{"_acf_changed":false},"product_brand":[],"product_cat":[4298],"product_tag":[4381],"class_list":{"0":"post-115903","1":"product","2":"type-product","3":"status-publish","4":"has-post-thumbnail","6":"product_cat-bladderstall-bord","7":"product_tag-svart","8":"product_shipping_class-tunga-paket","9":"pa_brands-durable","10":"pa_farg-svart","11":"tm-no-options","13":"first","14":"instock","15":"sale","16":"taxable","17":"shipping-taxable","18":"purchasable","19":"product-type-simple"},"acf":[],"_links":{"self":[{"href":"https:\/\/secureus.se\/no\/wp-json\/wp\/v2\/product\/115903","targetHints":{"allow":["GET"]}}],"collection":[{"href":"https:\/\/secureus.se\/no\/wp-json\/wp\/v2\/product"}],"about":[{"href":"https:\/\/secureus.se\/no\/wp-json\/wp\/v2\/types\/product"}],"wp:featuredmedia":[{"embeddable":true,"href":"https:\/\/secureus.se\/no\/wp-json\/wp\/v2\/media\/135315"}],"wp:attachment":[{"href":"https:\/\/secureus.se\/no\/wp-json\/wp\/v2\/media?parent=115903"}],"wp:term":[{"taxonomy":"product_brand","embeddable":true,"href":"https:\/\/secureus.se\/no\/wp-json\/wp\/v2\/product_brand?post=115903"},{"taxonomy":"product_cat","embeddable":true,"href":"https:\/\/secureus.se\/no\/wp-json\/wp\/v2\/product_cat?post=115903"},{"taxonomy":"product_tag","embeddable":true,"href":"https:\/\/secureus.se\/no\/wp-json\/wp\/v2\/product_tag?post=115903"}],"curies":[{"name":"wp","href":"https:\/\/api.w.org\/{rel}","templated":true}]}}