{"id":115906,"date":"2024-11-05T17:15:55","date_gmt":"2024-11-05T16:15:55","guid":{"rendered":"https:\/\/secureus.se\/?post_type=product&#038;p=115906"},"modified":"2026-01-12T12:29:52","modified_gmt":"2026-01-12T11:29:52","slug":"sladdgomma-cavoline-box-l-2","status":"publish","type":"product","link":"https:\/\/secureus.se\/no\/sladdgomma-cavoline-box-l-2\/","title":{"rendered":"Kabelskjuler CAVOLINE\u00ae BOX L"},"content":{"rendered":"<p>Hold kablene i orden med CAVOLINE\u00ae b\u00e5de p\u00e5 kontoret og i hjemmemilj\u00f8et. Samle kablene og det ser penere ut og er ogs\u00e5 lettere \u00e5 rengj\u00f8re. <\/p>\n<p>Elegant ledningsboks laget av flammesikker plast for kabler og 5-veis grenuttak<br \/>\n. Gummibelagte \u00e5pninger for kabler p\u00e5 begge kortsider. \u00c5pningene fungerer ogs\u00e5 som ventilasjonshull. Deksel med praktisk kabelinngang for mobiltelefonens ladekabel. Store gummif\u00f8tter s\u00f8rger for at kabelskjuleren st\u00e5r st\u00f8dig<br \/>\n. Dimensjoner: 406 x 156 x 139 mm (B x H x D)<\/p>","protected":false},"excerpt":{"rendered":"<p>H\u00f8ykvalitets kabelboks laget av flammebestandig plast. <\/p>","protected":false},"featured_media":135489,"template":"","meta":{"_acf_changed":false},"product_brand":[],"product_cat":[4287],"product_tag":[4404],"class_list":{"0":"post-115906","1":"product","2":"type-product","3":"status-publish","4":"has-post-thumbnail","6":"product_cat-kabelsamlare","7":"product_tag-grafitgra","8":"product_shipping_class-tunga-paket","9":"pa_brands-durable","10":"pa_farg-grafitgra","11":"tm-no-options","13":"first","14":"instock","15":"sale","16":"taxable","17":"shipping-taxable","18":"purchasable","19":"product-type-simple"},"acf":[],"_links":{"self":[{"href":"https:\/\/secureus.se\/no\/wp-json\/wp\/v2\/product\/115906","targetHints":{"allow":["GET"]}}],"collection":[{"href":"https:\/\/secureus.se\/no\/wp-json\/wp\/v2\/product"}],"about":[{"href":"https:\/\/secureus.se\/no\/wp-json\/wp\/v2\/types\/product"}],"wp:featuredmedia":[{"embeddable":true,"href":"https:\/\/secureus.se\/no\/wp-json\/wp\/v2\/media\/135489"}],"wp:attachment":[{"href":"https:\/\/secureus.se\/no\/wp-json\/wp\/v2\/media?parent=115906"}],"wp:term":[{"taxonomy":"product_brand","embeddable":true,"href":"https:\/\/secureus.se\/no\/wp-json\/wp\/v2\/product_brand?post=115906"},{"taxonomy":"product_cat","embeddable":true,"href":"https:\/\/secureus.se\/no\/wp-json\/wp\/v2\/product_cat?post=115906"},{"taxonomy":"product_tag","embeddable":true,"href":"https:\/\/secureus.se\/no\/wp-json\/wp\/v2\/product_tag?post=115906"}],"curies":[{"name":"wp","href":"https:\/\/api.w.org\/{rel}","templated":true}]}}