{"id":115931,"date":"2024-11-20T14:14:12","date_gmt":"2024-11-20T13:14:12","guid":{"rendered":"https:\/\/secureus.se\/?post_type=product&#038;p=115931"},"modified":"2026-01-12T12:48:15","modified_gmt":"2026-01-12T11:48:15","slug":"namnskylt-konvex-40x75-magnetfaste","status":"publish","type":"product","link":"https:\/\/secureus.se\/no\/namnskylt-konvex-40x75-magnetfaste\/","title":{"rendered":"Navneskilt konveks 40\u00d775, magnetfeste"},"content":{"rendered":"<p>Konferansedeltakere, bes\u00f8kende p\u00e5 bedrifter, ansatte p\u00e5 messer, i butikker, serviceyrker og selgere \u2013 listen kan utvides der det er behov for navnelapper i ulike st\u00f8rrelser, utforminger og festemuligheter. Dette skiltet p\u00e5 40x75mm er laget av akryl og lett konveks, noe som gj\u00f8r teksten ekstra lettlest. Tekstilvennlig magnetfeste som fungerer godt p\u00e5 sarte kl\u00e6r. OPPMERKSOMHET! Ikke egnet for personer med pacemaker. Tommelgrep gj\u00f8r det enkelt \u00e5 ta ut kortet. Hvite etiketter f\u00f8lger med. Etiketter p\u00e5 A4-ark for utskrift i printere kan bestilles separat. Bruk gratisprogrammet DURAPRINT\u00ae tilgjengelig p\u00e5 www.duraprint.se for \u00e5 lage og skrive ut stilige navneetiketter.<br \/>\nTilbeh\u00f8r:<br \/>\nBadgemaker\u00ae-etiketter p\u00e5 A4-ark for utskrift i skriver, varenr<\/p>","protected":false},"excerpt":{"rendered":"<p>Lett konveks navneskilt i akryl med magnetfeste. Diskret men fortsatt fullt synlig st\u00f8rrelse 40x75mm. 25 stk\/eske<\/p>","protected":false},"featured_media":133891,"template":"","meta":{"_acf_changed":false},"product_brand":[],"product_cat":[4286],"product_tag":[4376],"class_list":{"0":"post-115931","1":"product","2":"type-product","3":"status-publish","4":"has-post-thumbnail","6":"product_cat-namnskyltar-med-magnet","7":"product_tag-transparent","8":"product_shipping_class-tunga-paket","9":"pa_brands-durable","10":"pa_farg-transparent","11":"tm-no-options","13":"first","14":"instock","15":"sale","16":"taxable","17":"shipping-taxable","18":"purchasable","19":"product-type-simple"},"acf":[],"_links":{"self":[{"href":"https:\/\/secureus.se\/no\/wp-json\/wp\/v2\/product\/115931","targetHints":{"allow":["GET"]}}],"collection":[{"href":"https:\/\/secureus.se\/no\/wp-json\/wp\/v2\/product"}],"about":[{"href":"https:\/\/secureus.se\/no\/wp-json\/wp\/v2\/types\/product"}],"wp:featuredmedia":[{"embeddable":true,"href":"https:\/\/secureus.se\/no\/wp-json\/wp\/v2\/media\/133891"}],"wp:attachment":[{"href":"https:\/\/secureus.se\/no\/wp-json\/wp\/v2\/media?parent=115931"}],"wp:term":[{"taxonomy":"product_brand","embeddable":true,"href":"https:\/\/secureus.se\/no\/wp-json\/wp\/v2\/product_brand?post=115931"},{"taxonomy":"product_cat","embeddable":true,"href":"https:\/\/secureus.se\/no\/wp-json\/wp\/v2\/product_cat?post=115931"},{"taxonomy":"product_tag","embeddable":true,"href":"https:\/\/secureus.se\/no\/wp-json\/wp\/v2\/product_tag?post=115931"}],"curies":[{"name":"wp","href":"https:\/\/api.w.org\/{rel}","templated":true}]}}