{"id":115969,"date":"2024-11-05T17:22:12","date_gmt":"2024-11-05T16:22:12","guid":{"rendered":"https:\/\/secureus.se\/?post_type=product&#038;p=115969"},"modified":"2026-01-12T12:49:20","modified_gmt":"2026-01-12T11:49:20","slug":"sjalvhaftande-ficka-pocketfix-90x57-100-st-langsidesoppning","status":"publish","type":"product","link":"https:\/\/secureus.se\/no\/sjalvhaftande-ficka-pocketfix-90x57-100-st-langsidesoppning\/","title":{"rendered":"Selvklebende lomme POCKETFIX\u00ae 90\u00d757 100 stk langside\u00e5pning"},"content":{"rendered":"<p>Etikettpermer, mapper, esker etc. med etiketter som settes inn i en selvklebende POCKETFIX\u00ae-lomme. Den gjennomsiktige lommen er laget av polypropylenplast. Denne lommen for visittkort har en \u00e5pning langs den ene langsiden. Stor pakke levert uten etiketter. Innvendig m\u00e5l: 90\u00d775. Ytre m\u00e5l: 94\u00d761 mm (BxH). Pakke med 100 lommer.<\/p>","protected":false},"excerpt":{"rendered":"<p>Selvklebende lomme med \u00e5pning p\u00e5 den ene langsiden. For visittkort i format 90\u00d757.<\/p>","protected":false},"featured_media":135416,"template":"","meta":{"_acf_changed":false},"product_brand":[],"product_cat":[4252],"product_tag":[4376],"class_list":{"0":"post-115969","1":"product","2":"type-product","3":"status-publish","4":"has-post-thumbnail","6":"product_cat-sjalvhaftande-fickor","7":"product_tag-transparent","8":"product_shipping_class-tunga-paket","9":"pa_brands-durable","10":"pa_farg-transparent","11":"tm-no-options","13":"first","14":"instock","15":"sale","16":"taxable","17":"shipping-taxable","18":"purchasable","19":"product-type-simple"},"acf":[],"_links":{"self":[{"href":"https:\/\/secureus.se\/no\/wp-json\/wp\/v2\/product\/115969","targetHints":{"allow":["GET"]}}],"collection":[{"href":"https:\/\/secureus.se\/no\/wp-json\/wp\/v2\/product"}],"about":[{"href":"https:\/\/secureus.se\/no\/wp-json\/wp\/v2\/types\/product"}],"wp:featuredmedia":[{"embeddable":true,"href":"https:\/\/secureus.se\/no\/wp-json\/wp\/v2\/media\/135416"}],"wp:attachment":[{"href":"https:\/\/secureus.se\/no\/wp-json\/wp\/v2\/media?parent=115969"}],"wp:term":[{"taxonomy":"product_brand","embeddable":true,"href":"https:\/\/secureus.se\/no\/wp-json\/wp\/v2\/product_brand?post=115969"},{"taxonomy":"product_cat","embeddable":true,"href":"https:\/\/secureus.se\/no\/wp-json\/wp\/v2\/product_cat?post=115969"},{"taxonomy":"product_tag","embeddable":true,"href":"https:\/\/secureus.se\/no\/wp-json\/wp\/v2\/product_tag?post=115969"}],"curies":[{"name":"wp","href":"https:\/\/api.w.org\/{rel}","templated":true}]}}