{"id":116006,"date":"2024-11-20T14:17:32","date_gmt":"2024-11-20T13:17:32","guid":{"rendered":"https:\/\/secureus.se\/?post_type=product&#038;p=116006"},"modified":"2026-01-12T12:46:07","modified_gmt":"2026-01-12T11:46:07","slug":"scanfix-1-m-x-40-mm","status":"publish","type":"product","link":"https:\/\/secureus.se\/no\/scanfix-1-m-x-40-mm\/","title":{"rendered":"SCANFIX\u00ae 1 x 40 mm"},"content":{"rendered":"<p>Selvklebende etikettholder SCANFIX\u00ae for merking og skanning av f.eks. priser og strekkoder p\u00e5 hyllekanter, pallereoler og oppbevaringsbokser. Hvite etiketter f\u00f8lger med og holderen kan kuttes til \u00f8nsket lengde. \u00c5pne p\u00e5 toppen og siden gj\u00f8r dem egnet for etiketter som m\u00e5 skiftes ofte. Gratis maler for \u00e5 designe og skrive ut stilige etiketter er tilgjengelig p\u00e5 www.duraprint.se. Dimensjoner: 1000 x 40 mm (BxH)<br \/>\nTilbeh\u00f8r:<br \/>\nEkstra etiketter p\u00e5 A5-ark for utskrift i printer, varenr 809902. Disse ekstra etikettene er 20 cm lange.<\/p>","protected":false},"excerpt":{"rendered":"<p>Selvklebende, skannbar etikettholder for merking av f.eks. hyllekanter. \u00c5pen p\u00e5 toppen og p\u00e5 siden. Skriveh\u00f8yde 4 cm, lengde 1 meter.<\/p>","protected":false},"featured_media":133699,"template":"","meta":{"_acf_changed":false},"product_brand":[],"product_cat":[4312],"product_tag":[4376],"class_list":{"0":"post-116006","1":"product","2":"type-product","3":"status-publish","4":"has-post-thumbnail","6":"product_cat-etikettremsor-skanningsbara","7":"product_tag-transparent","8":"product_shipping_class-tunga-paket","9":"pa_brands-durable","10":"pa_farg-transparent","11":"tm-no-options","13":"first","14":"instock","15":"sale","16":"taxable","17":"shipping-taxable","18":"purchasable","19":"product-type-simple"},"acf":[],"_links":{"self":[{"href":"https:\/\/secureus.se\/no\/wp-json\/wp\/v2\/product\/116006","targetHints":{"allow":["GET"]}}],"collection":[{"href":"https:\/\/secureus.se\/no\/wp-json\/wp\/v2\/product"}],"about":[{"href":"https:\/\/secureus.se\/no\/wp-json\/wp\/v2\/types\/product"}],"wp:featuredmedia":[{"embeddable":true,"href":"https:\/\/secureus.se\/no\/wp-json\/wp\/v2\/media\/133699"}],"wp:attachment":[{"href":"https:\/\/secureus.se\/no\/wp-json\/wp\/v2\/media?parent=116006"}],"wp:term":[{"taxonomy":"product_brand","embeddable":true,"href":"https:\/\/secureus.se\/no\/wp-json\/wp\/v2\/product_brand?post=116006"},{"taxonomy":"product_cat","embeddable":true,"href":"https:\/\/secureus.se\/no\/wp-json\/wp\/v2\/product_cat?post=116006"},{"taxonomy":"product_tag","embeddable":true,"href":"https:\/\/secureus.se\/no\/wp-json\/wp\/v2\/product_tag?post=116006"}],"curies":[{"name":"wp","href":"https:\/\/api.w.org\/{rel}","templated":true}]}}