{"id":116027,"date":"2024-11-20T14:10:22","date_gmt":"2024-11-20T13:10:22","guid":{"rendered":"https:\/\/secureus.se\/?post_type=product&#038;p=116027"},"modified":"2026-01-12T12:03:09","modified_gmt":"2026-01-12T11:03:09","slug":"golvmarkering-punkt","status":"publish","type":"product","link":"https:\/\/secureus.se\/no\/golvmarkering-punkt\/","title":{"rendered":"Gulvmerking &quot;Point&quot;"},"content":{"rendered":"<p>Selvklebende rundt gulvmarkeringssymbol i form av en &quot;O&quot; for innend\u00f8rs merking eller avgrensning av palleplasser eller andre omr\u00e5der. Festes p\u00e5 rene og t\u00f8rre betonggulv. Slitesterk og slitesterk med anti-skli rating R9 i henhold til DIN 51130.<br \/>\nM\u00e5l (B x H x D): \u00d8 100 mm, tykkelse 0,7 mm<\/p>","protected":false},"excerpt":{"rendered":"<p>Selvklebende gulvmerking i &quot;O&quot;-form for avgrensning eller merking av spesielle omr\u00e5der.<\/p>","protected":false},"featured_media":133703,"template":"","meta":{"_acf_changed":false},"product_brand":[],"product_cat":[4302],"product_tag":[4395],"class_list":{"0":"post-116027","1":"product","2":"type-product","3":"status-publish","4":"has-post-thumbnail","6":"product_cat-markeringar-av-uppstallningsplatser","7":"product_tag-gul","8":"product_shipping_class-tunga-paket","9":"pa_brands-durable","10":"pa_farg-gul","11":"tm-no-options","13":"first","14":"instock","15":"sale","16":"taxable","17":"shipping-taxable","18":"purchasable","19":"product-type-simple"},"acf":[],"_links":{"self":[{"href":"https:\/\/secureus.se\/no\/wp-json\/wp\/v2\/product\/116027","targetHints":{"allow":["GET"]}}],"collection":[{"href":"https:\/\/secureus.se\/no\/wp-json\/wp\/v2\/product"}],"about":[{"href":"https:\/\/secureus.se\/no\/wp-json\/wp\/v2\/types\/product"}],"wp:featuredmedia":[{"embeddable":true,"href":"https:\/\/secureus.se\/no\/wp-json\/wp\/v2\/media\/133703"}],"wp:attachment":[{"href":"https:\/\/secureus.se\/no\/wp-json\/wp\/v2\/media?parent=116027"}],"wp:term":[{"taxonomy":"product_brand","embeddable":true,"href":"https:\/\/secureus.se\/no\/wp-json\/wp\/v2\/product_brand?post=116027"},{"taxonomy":"product_cat","embeddable":true,"href":"https:\/\/secureus.se\/no\/wp-json\/wp\/v2\/product_cat?post=116027"},{"taxonomy":"product_tag","embeddable":true,"href":"https:\/\/secureus.se\/no\/wp-json\/wp\/v2\/product_tag?post=116027"}],"curies":[{"name":"wp","href":"https:\/\/api.w.org\/{rel}","templated":true}]}}