{"id":116030,"date":"2024-11-20T14:17:34","date_gmt":"2024-11-20T13:17:34","guid":{"rendered":"https:\/\/secureus.se\/?post_type=product&#038;p=116030"},"modified":"2025-12-31T21:26:25","modified_gmt":"2025-12-31T20:26:25","slug":"sekretessfilter-magnetic-11-6","status":"publish","type":"product","link":"https:\/\/secureus.se\/no\/sekretessfilter-magnetic-11-6\/","title":{"rendered":"Personvernfilter MAGNETIC 11,6&quot;"},"content":{"rendered":"<p>Ettersom det er vanlig \u00e5 jobbe flere steder enn p\u00e5 kontoret \u2013 p\u00e5 tog, fly eller offentlige steder med mange mennesker som kafeer, \u00f8ker ogs\u00e5 risikoen for at uvedkommende skimter eller ser informasjon som vi ikke \u00f8nsker eller b\u00f8r dele. Beskytt dataskjermen med personvernfiltre mot visuell hacking og nysgjerrige \u00f8yne Fjern den beskyttende plasten fra magnetene i \u00f8vre h\u00f8yre og venstre kant av filteret og fest filteret til PC-en. Deretter er det bare \u00e5 fjerne filteret som festes magnetisk til de to magnetene som er festet til PC-en. N\u00e5r det ikke er i bruk, kan filteret lagres i den medf\u00f8lgende oppbevaringsmappen. Personvernfilteret gj\u00f8r skjermen m\u00f8rk fra begge sider i 30\u00b0 vinkel, men gir brukeren et klart skjermbilde forfra. Fra siden forhindrer personvernfilteret kikk i en vinkel p\u00e5 60\u00b0. Filterets matte finish reduserer belastningen p\u00e5 \u00f8ynene og reduserer skadelig bl\u00e5tt lys. Skjermen er beskyttet mot riper og st\u00f8v av skjermfilteret og kan ogs\u00e5 brukes p\u00e5 ber\u00f8ringsskjermer. En mikrofiberklut f\u00f8lger med for rengj\u00f8ring av dataskjerm og filter.<br \/>\nDette filteret er beregnet p\u00e5 11,6&quot; skjermer med dimensjonene 257 x 144,5 mm \/ 10,1&quot; x 5,7&quot; (BxH). Dimensjonene til personvernfilteret er 257 x 153,5 mm.<\/p>","protected":false},"excerpt":{"rendered":"<p>Personvernfilter med magnetisk vedlegg som beskytter personvernet til dataskjermen din mot uautoriserte \u00f8yne. Leveres i praktisk oppbevaringslomme. For 11,6&quot; skjermer.<\/p>","protected":false},"featured_media":133516,"template":"","meta":{"_acf_changed":false},"product_brand":[],"product_cat":[4241,4242],"product_tag":[4394],"class_list":{"0":"post-116030","1":"product","2":"type-product","3":"status-publish","4":"has-post-thumbnail","6":"product_cat-datortillbehor","7":"product_cat-sekretessfilter","8":"product_tag-antracitgra","9":"product_shipping_class-tunga-paket","10":"pa_brands-durable","11":"pa_farg-antracitgra","12":"tm-no-options","14":"first","15":"instock","16":"sale","17":"taxable","18":"shipping-taxable","19":"purchasable","20":"product-type-simple"},"acf":[],"_links":{"self":[{"href":"https:\/\/secureus.se\/no\/wp-json\/wp\/v2\/product\/116030","targetHints":{"allow":["GET"]}}],"collection":[{"href":"https:\/\/secureus.se\/no\/wp-json\/wp\/v2\/product"}],"about":[{"href":"https:\/\/secureus.se\/no\/wp-json\/wp\/v2\/types\/product"}],"wp:featuredmedia":[{"embeddable":true,"href":"https:\/\/secureus.se\/no\/wp-json\/wp\/v2\/media\/133516"}],"wp:attachment":[{"href":"https:\/\/secureus.se\/no\/wp-json\/wp\/v2\/media?parent=116030"}],"wp:term":[{"taxonomy":"product_brand","embeddable":true,"href":"https:\/\/secureus.se\/no\/wp-json\/wp\/v2\/product_brand?post=116030"},{"taxonomy":"product_cat","embeddable":true,"href":"https:\/\/secureus.se\/no\/wp-json\/wp\/v2\/product_cat?post=116030"},{"taxonomy":"product_tag","embeddable":true,"href":"https:\/\/secureus.se\/no\/wp-json\/wp\/v2\/product_tag?post=116030"}],"curies":[{"name":"wp","href":"https:\/\/api.w.org\/{rel}","templated":true}]}}