{"id":116121,"date":"2024-11-20T14:16:22","date_gmt":"2024-11-20T13:16:22","guid":{"rendered":"https:\/\/secureus.se\/?post_type=product&#038;p=116121"},"modified":"2026-01-12T12:05:29","modified_gmt":"2026-01-12T11:05:29","slug":"plastficka-a5l-med-fastband-2","status":"publish","type":"product","link":"https:\/\/secureus.se\/no\/plastficka-a5l-med-fastband-2\/","title":{"rendered":"Plastlomme A5L med festestropp"},"content":{"rendered":"<p>Tydelig og omfattende merking av skap, d\u00f8rer, beholdere og vegger av nettinggitter forbedrer og effektiviserer arbeidsprosessen i lager og i produksjonsanlegg. Plastlommene laget av slitesterk polypropylen kan leses med en skanner. Et deksel gj\u00f8r at innlegget er beskyttet mot smuss og fuktighet, ogs\u00e5 utend\u00f8rs. Festes med to pilformede stropper som tres gjennom hullene i toppen av lommen og deretter festes godt til gitteret. En gratis mal for etiketten er tilgjengelig p\u00e5 www.duraprint.se.<br \/>\nInnvendige m\u00e5l: A5L (210\u00d7148 mm B x H)<br \/>\nYtre m\u00e5l: 223\u00d7380 mm (B x H)<br \/>\nTilbeh\u00f8r: Etiketter p\u00e5 A4-ark, art. nr. 485502<\/p>","protected":false},"excerpt":{"rendered":"<p>Plastlomme med selvl\u00e5sende stropp for oppheng p\u00e5 ulike typer nett som nettvegger og netttraller. Med et beskyttende deksel over \u00e5pningen.<\/p>","protected":false},"featured_media":133634,"template":"","meta":{"_acf_changed":false},"product_brand":[],"product_cat":[4306],"product_tag":[4395],"class_list":{"0":"post-116121","1":"product","2":"type-product","3":"status-publish","4":"has-post-thumbnail","6":"product_cat-markning-pallstall","7":"product_tag-gul","8":"product_shipping_class-tunga-paket","9":"pa_brands-durable","10":"pa_farg-gul","11":"tm-no-options","13":"first","14":"instock","15":"sale","16":"taxable","17":"shipping-taxable","18":"purchasable","19":"product-type-simple"},"acf":[],"_links":{"self":[{"href":"https:\/\/secureus.se\/no\/wp-json\/wp\/v2\/product\/116121","targetHints":{"allow":["GET"]}}],"collection":[{"href":"https:\/\/secureus.se\/no\/wp-json\/wp\/v2\/product"}],"about":[{"href":"https:\/\/secureus.se\/no\/wp-json\/wp\/v2\/types\/product"}],"wp:featuredmedia":[{"embeddable":true,"href":"https:\/\/secureus.se\/no\/wp-json\/wp\/v2\/media\/133634"}],"wp:attachment":[{"href":"https:\/\/secureus.se\/no\/wp-json\/wp\/v2\/media?parent=116121"}],"wp:term":[{"taxonomy":"product_brand","embeddable":true,"href":"https:\/\/secureus.se\/no\/wp-json\/wp\/v2\/product_brand?post=116121"},{"taxonomy":"product_cat","embeddable":true,"href":"https:\/\/secureus.se\/no\/wp-json\/wp\/v2\/product_cat?post=116121"},{"taxonomy":"product_tag","embeddable":true,"href":"https:\/\/secureus.se\/no\/wp-json\/wp\/v2\/product_tag?post=116121"}],"curies":[{"name":"wp","href":"https:\/\/api.w.org\/{rel}","templated":true}]}}