{"id":116136,"date":"2024-11-05T17:25:17","date_gmt":"2024-11-05T16:25:17","guid":{"rendered":"https:\/\/secureus.se\/?post_type=product&#038;p=116136"},"modified":"2026-01-12T12:37:07","modified_gmt":"2026-01-12T11:37:07","slug":"sherpa-style-wall-10","status":"publish","type":"product","link":"https:\/\/secureus.se\/no\/sherpa-style-wall-10\/","title":{"rendered":"SHERPA\u00ae STIL VEGG 10"},"content":{"rendered":"<p>Informasjons- og presentasjonsstander som har mange forskjellige navn; panel, display, oversiktssystem, vingeregister, PLU holder, dokumentholder, lathund.... Uavhengig av navn har den mange bruksomr\u00e5der p\u00e5 kontorer, butikker, kj\u00f8kken, kasser, utstillinger etc. Ofte brukt informasjon blir lagret, raskt funnet og lett \u00e5 se i oversiktssystemet. SHERPA\u00ae STYLE er et komplett veggstativ med 10 ikke-reflekterende, skannbare polypropylenplastlommer for dokumenter i A4-format. Bevegelig 58 mm toppholder samt skrue og plugg medf\u00f8lger. N\u00e5r du setter inn og tar ut lommene er det greit \u00e5 b\u00f8ye lommen litt forsiktig p\u00e5 midten langs den indre langsiden, s\u00e5 det er enkelt \u00e5 sette inn og ta ut lommen uten \u00e5 skade piggene i holderen. 5 \u00e5rs garanti. Garantivilk\u00e5rene finner du her: https:\/\/www.durable.se\/sv_SE\/service\/garanti\/garanti-foer-sherpa-vario\/<\/p>","protected":false},"excerpt":{"rendered":"<p>Komplett veggstativ med 10 rullbare paneler for \u00e5 ha ofte brukt informasjon raskt og tydelig for h\u00e5nden. <\/p>","protected":false},"featured_media":135327,"template":"","meta":{"_acf_changed":false},"product_brand":[],"product_cat":[4298],"product_tag":[4381],"class_list":{"0":"post-116136","1":"product","2":"type-product","3":"status-publish","4":"has-post-thumbnail","6":"product_cat-bladderstall-bord","7":"product_tag-svart","8":"product_shipping_class-tunga-paket","9":"pa_brands-durable","10":"pa_farg-svart","11":"tm-no-options","13":"first","14":"instock","15":"sale","16":"taxable","17":"shipping-taxable","18":"purchasable","19":"product-type-simple"},"acf":[],"_links":{"self":[{"href":"https:\/\/secureus.se\/no\/wp-json\/wp\/v2\/product\/116136","targetHints":{"allow":["GET"]}}],"collection":[{"href":"https:\/\/secureus.se\/no\/wp-json\/wp\/v2\/product"}],"about":[{"href":"https:\/\/secureus.se\/no\/wp-json\/wp\/v2\/types\/product"}],"wp:featuredmedia":[{"embeddable":true,"href":"https:\/\/secureus.se\/no\/wp-json\/wp\/v2\/media\/135327"}],"wp:attachment":[{"href":"https:\/\/secureus.se\/no\/wp-json\/wp\/v2\/media?parent=116136"}],"wp:term":[{"taxonomy":"product_brand","embeddable":true,"href":"https:\/\/secureus.se\/no\/wp-json\/wp\/v2\/product_brand?post=116136"},{"taxonomy":"product_cat","embeddable":true,"href":"https:\/\/secureus.se\/no\/wp-json\/wp\/v2\/product_cat?post=116136"},{"taxonomy":"product_tag","embeddable":true,"href":"https:\/\/secureus.se\/no\/wp-json\/wp\/v2\/product_tag?post=116136"}],"curies":[{"name":"wp","href":"https:\/\/api.w.org\/{rel}","templated":true}]}}