{"id":116137,"date":"2024-11-20T14:10:40","date_gmt":"2024-11-20T13:10:40","guid":{"rendered":"https:\/\/secureus.se\/?post_type=product&#038;p=116137"},"modified":"2025-09-15T12:52:12","modified_gmt":"2025-09-15T10:52:12","slug":"golvmarkeringstejp-duraline-50-07-3","status":"publish","type":"product","link":"https:\/\/secureus.se\/no\/golvmarkeringstejp-duraline-50-07-3\/","title":{"rendered":"Gulvmerkeb\u00e5nd DURALINE\u00ae 50\/07"},"content":{"rendered":"<p>Selvklebende stripete merketape for innend\u00f8rs bruk. Brukes til permanent merking av risikoomr\u00e5der som trenger oppmerksomhet, f.eks. trafikksoner og restriksjonsomr\u00e5der. Festes p\u00e5 rene og t\u00f8rre betonggulv. Sklisikkerhetsniv\u00e5 R9 i henhold til DIN51130. R\u00f8d\/hvit varseltape brukes til brannsikringsveier og annet relatert til brannvern.<br \/>\nDimensjoner (B x L): Rull p\u00e5 30 m, 50 mm bred, tykkelse 0,7 mm<\/p>","protected":false},"excerpt":{"rendered":"<p>Selvklebende stripete gulvmarkeringstape i advarende farger. \u00d8ker sikkerheten gjennom tydelig merking av risikoomr\u00e5der i lager og industri.<\/p>","protected":false},"featured_media":133829,"template":"","meta":{"_acf_changed":false},"product_brand":[],"product_cat":[4303],"product_tag":[4391],"class_list":{"0":"post-116137","1":"product","2":"type-product","3":"status-publish","4":"has-post-thumbnail","6":"product_cat-golvtejp","7":"product_tag-rod-vit","8":"pa_brands-durable","9":"pa_farg-rod-vit","10":"tm-no-options","12":"first","13":"instock","14":"sale","15":"taxable","16":"shipping-taxable","17":"purchasable","18":"product-type-simple"},"acf":[],"_links":{"self":[{"href":"https:\/\/secureus.se\/no\/wp-json\/wp\/v2\/product\/116137","targetHints":{"allow":["GET"]}}],"collection":[{"href":"https:\/\/secureus.se\/no\/wp-json\/wp\/v2\/product"}],"about":[{"href":"https:\/\/secureus.se\/no\/wp-json\/wp\/v2\/types\/product"}],"wp:featuredmedia":[{"embeddable":true,"href":"https:\/\/secureus.se\/no\/wp-json\/wp\/v2\/media\/133829"}],"wp:attachment":[{"href":"https:\/\/secureus.se\/no\/wp-json\/wp\/v2\/media?parent=116137"}],"wp:term":[{"taxonomy":"product_brand","embeddable":true,"href":"https:\/\/secureus.se\/no\/wp-json\/wp\/v2\/product_brand?post=116137"},{"taxonomy":"product_cat","embeddable":true,"href":"https:\/\/secureus.se\/no\/wp-json\/wp\/v2\/product_cat?post=116137"},{"taxonomy":"product_tag","embeddable":true,"href":"https:\/\/secureus.se\/no\/wp-json\/wp\/v2\/product_tag?post=116137"}],"curies":[{"name":"wp","href":"https:\/\/api.w.org\/{rel}","templated":true}]}}