{"id":116157,"date":"2024-11-05T17:15:23","date_gmt":"2024-11-05T16:15:23","guid":{"rendered":"https:\/\/secureus.se\/?post_type=product&#038;p=116157"},"modified":"2026-01-12T12:55:10","modified_gmt":"2026-01-12T11:55:10","slug":"surfplattehallare-rise","status":"publish","type":"product","link":"https:\/\/secureus.se\/no\/surfplattehallare-rise\/","title":{"rendered":"Surfebrettholder RISE"},"content":{"rendered":"<p>Fjernarbeid, virtuell l\u00e6ring og \u00f8kt medieforbruk har \u00f8kt bruken av nettbrett. En nettbrettholder gj\u00f8r bruken mer praktisk og ergonomisk, for eksempel p\u00e5 sykehjem for \u00e5 holde kontakten med sine n\u00e6rmeste, hjemme for resepter, digitale blader, sosiale medier eller p\u00e5 m\u00f8ter og turer. Nettbrettholder RISE er et sammenleggbart bordstativ laget av opptil 40% resirkulert aluminium og passer til nettbrett opptil 13\u2033, med en maksimal vekt p\u00e5 1 kg. Nettbrettet kan plasseres i st\u00e5ende eller liggende format i holderen. Trinnl\u00f8s justering av h\u00f8yde og lesevinkel. Gummiputer og en stoppkant hindrer nettbrettet i \u00e5 skli ut av plass. Gummiputer ogs\u00e5 under som beskytter bordflaten mot riper og gj\u00f8r at stativet st\u00e5r st\u00f8dig. 100 % resirkulerbar<br \/>\nBrettet m\u00e5l: H 47 x B 170 x D 155 mm.<br \/>\nPlaten som nettbrettet hviler p\u00e5 er 170 x 155 mm, bordplaten 170 x 137 mm. Armen er 130 mm.<\/p>","protected":false},"excerpt":{"rendered":"<p>Trinnl\u00f8st justerbart stativ for nettbrett eller smarttelefoner. Sammenleggbar, men stabil i bruk<\/p>","protected":false},"featured_media":135516,"template":"","meta":{"_acf_changed":false},"product_brand":[],"product_cat":[4236],"product_tag":[4382],"class_list":{"0":"post-116157","1":"product","2":"type-product","3":"status-publish","4":"has-post-thumbnail","6":"product_cat-surfplattehallare","7":"product_tag-silver","8":"product_shipping_class-tunga-paket","9":"pa_brands-durable","10":"pa_farg-silver","11":"tm-no-options","13":"first","14":"instock","15":"sale","16":"taxable","17":"shipping-taxable","18":"purchasable","19":"product-type-simple"},"acf":[],"_links":{"self":[{"href":"https:\/\/secureus.se\/no\/wp-json\/wp\/v2\/product\/116157","targetHints":{"allow":["GET"]}}],"collection":[{"href":"https:\/\/secureus.se\/no\/wp-json\/wp\/v2\/product"}],"about":[{"href":"https:\/\/secureus.se\/no\/wp-json\/wp\/v2\/types\/product"}],"wp:featuredmedia":[{"embeddable":true,"href":"https:\/\/secureus.se\/no\/wp-json\/wp\/v2\/media\/135516"}],"wp:attachment":[{"href":"https:\/\/secureus.se\/no\/wp-json\/wp\/v2\/media?parent=116157"}],"wp:term":[{"taxonomy":"product_brand","embeddable":true,"href":"https:\/\/secureus.se\/no\/wp-json\/wp\/v2\/product_brand?post=116157"},{"taxonomy":"product_cat","embeddable":true,"href":"https:\/\/secureus.se\/no\/wp-json\/wp\/v2\/product_cat?post=116157"},{"taxonomy":"product_tag","embeddable":true,"href":"https:\/\/secureus.se\/no\/wp-json\/wp\/v2\/product_tag?post=116157"}],"curies":[{"name":"wp","href":"https:\/\/api.w.org\/{rel}","templated":true}]}}