{"id":116176,"date":"2024-11-20T14:10:40","date_gmt":"2024-11-20T13:10:40","guid":{"rendered":"https:\/\/secureus.se\/?post_type=product&#038;p=116176"},"modified":"2025-09-15T12:52:33","modified_gmt":"2025-09-15T10:52:33","slug":"golvmarkeringstejp-duraline50-12-5","status":"publish","type":"product","link":"https:\/\/secureus.se\/no\/golvmarkeringstejp-duraline50-12-5\/","title":{"rendered":"Gulvmarkeringstape DURALINE\u00ae50\/12"},"content":{"rendered":"<p>Selvklebende, ekstra sterk merketape for innend\u00f8rs bruk. Brukes til permanent merking av omr\u00e5der som trenger oppmerksomhet, f.eks. trafikksoner og restriksjonsomr\u00e5der. Festes p\u00e5 rene og t\u00f8rre betonggulv. Slitesterk og slitesterk med anti-skli rating R10 i henhold til DIN51130. Avfasede kanter.<br \/>\nDimensjoner (B x L): Rull p\u00e5 30 m, 50 mm bred, tykkelse 1,2 mm<\/p>","protected":false},"excerpt":{"rendered":"<p>Selvklebende ensfarget gulvmerkingstape for \u00e5 skape orden og sikkerhet i lager og industri. 1,2 mm tykk<\/p>","protected":false},"featured_media":133822,"template":"","meta":{"_acf_changed":false},"product_brand":[],"product_cat":[4303],"product_tag":[4398],"class_list":{"0":"post-116176","1":"product","2":"type-product","3":"status-publish","4":"has-post-thumbnail","6":"product_cat-golvtejp","7":"product_tag-gron","8":"pa_brands-durable","9":"pa_farg-gron","10":"tm-no-options","12":"first","13":"instock","14":"sale","15":"taxable","16":"shipping-taxable","17":"purchasable","18":"product-type-simple"},"acf":[],"_links":{"self":[{"href":"https:\/\/secureus.se\/no\/wp-json\/wp\/v2\/product\/116176","targetHints":{"allow":["GET"]}}],"collection":[{"href":"https:\/\/secureus.se\/no\/wp-json\/wp\/v2\/product"}],"about":[{"href":"https:\/\/secureus.se\/no\/wp-json\/wp\/v2\/types\/product"}],"wp:featuredmedia":[{"embeddable":true,"href":"https:\/\/secureus.se\/no\/wp-json\/wp\/v2\/media\/133822"}],"wp:attachment":[{"href":"https:\/\/secureus.se\/no\/wp-json\/wp\/v2\/media?parent=116176"}],"wp:term":[{"taxonomy":"product_brand","embeddable":true,"href":"https:\/\/secureus.se\/no\/wp-json\/wp\/v2\/product_brand?post=116176"},{"taxonomy":"product_cat","embeddable":true,"href":"https:\/\/secureus.se\/no\/wp-json\/wp\/v2\/product_cat?post=116176"},{"taxonomy":"product_tag","embeddable":true,"href":"https:\/\/secureus.se\/no\/wp-json\/wp\/v2\/product_tag?post=116176"}],"curies":[{"name":"wp","href":"https:\/\/api.w.org\/{rel}","templated":true}]}}