{"id":116184,"date":"2024-11-05T17:14:49","date_gmt":"2024-11-05T16:14:49","guid":{"rendered":"https:\/\/secureus.se\/?post_type=product&#038;p=116184"},"modified":"2026-01-12T12:27:59","modified_gmt":"2026-01-12T11:27:59","slug":"symbolskylt-wc","status":"publish","type":"product","link":"https:\/\/secureus.se\/no\/symbolskylt-wc\/","title":{"rendered":"Symbolskilt WC"},"content":{"rendered":"<p>Piktogrammer - visuelle skilt med bilder hjelper bes\u00f8kende med \u00e5 orientere seg og informere seg langveis fra og selv om du ikke kan spr\u00e5ket Stilig skilt laget av ripebestandig, rustfritt b\u00f8rstet st\u00e5l. Sett opp med monteringsputer inkludert. Rundt skilt &quot;WC&quot; med en diameter p\u00e5 83 mm.<\/p>","protected":false},"excerpt":{"rendered":"<p>Rundt symbolskilt WC<\/p>","protected":false},"featured_media":135355,"template":"","meta":{"_acf_changed":false},"product_brand":[],"product_cat":[4262],"product_tag":[4382],"class_list":{"0":"post-116184","1":"product","2":"type-product","3":"status-publish","4":"has-post-thumbnail","6":"product_cat-dorrskyltar-symbolskyltar","7":"product_tag-silver","8":"product_shipping_class-tunga-paket","9":"pa_brands-durable","10":"pa_farg-silver","11":"tm-no-options","13":"first","14":"instock","15":"sale","16":"taxable","17":"shipping-taxable","18":"purchasable","19":"product-type-simple"},"acf":[],"_links":{"self":[{"href":"https:\/\/secureus.se\/no\/wp-json\/wp\/v2\/product\/116184","targetHints":{"allow":["GET"]}}],"collection":[{"href":"https:\/\/secureus.se\/no\/wp-json\/wp\/v2\/product"}],"about":[{"href":"https:\/\/secureus.se\/no\/wp-json\/wp\/v2\/types\/product"}],"wp:featuredmedia":[{"embeddable":true,"href":"https:\/\/secureus.se\/no\/wp-json\/wp\/v2\/media\/135355"}],"wp:attachment":[{"href":"https:\/\/secureus.se\/no\/wp-json\/wp\/v2\/media?parent=116184"}],"wp:term":[{"taxonomy":"product_brand","embeddable":true,"href":"https:\/\/secureus.se\/no\/wp-json\/wp\/v2\/product_brand?post=116184"},{"taxonomy":"product_cat","embeddable":true,"href":"https:\/\/secureus.se\/no\/wp-json\/wp\/v2\/product_cat?post=116184"},{"taxonomy":"product_tag","embeddable":true,"href":"https:\/\/secureus.se\/no\/wp-json\/wp\/v2\/product_tag?post=116184"}],"curies":[{"name":"wp","href":"https:\/\/api.w.org\/{rel}","templated":true}]}}