{"id":116243,"date":"2024-11-05T17:13:43","date_gmt":"2024-11-05T16:13:43","guid":{"rendered":"https:\/\/secureus.se\/?post_type=product&#038;p=116243"},"modified":"2026-01-12T12:54:06","modified_gmt":"2026-01-12T11:54:06","slug":"tablet-holder-table","status":"publish","type":"product","link":"https:\/\/secureus.se\/no\/tablet-holder-table\/","title":{"rendered":"TABLETTHOLDERBORD"},"content":{"rendered":"<p>Nettbrettholder i stilig og funksjonell design for nettbrett i st\u00f8rrelsene 7&quot;-13&quot; (160-275 mm). For informasjonsdeling og presentasjoner i butikker, resepsjoner, salg og utstillingslokaler. Stabilt og stabilt bordstativ som kan vinkles uendelig fra 0\u00b0 til 88\u00b0. Holderen, med gummibelagte overflater som beskytter nettbrettet mot riper og skader, kan roteres 360\u00b0 med fire stoppposisjoner ved hver 90\u00b0, for bruk i st\u00e5ende eller liggende format. Nettbrettet er enkelt \u00e5 sette inn og ta ut av holderen, som er l\u00e5st med en spesialn\u00f8kkel for \u00e5 forhindre tyveri. I tillegg kan hele bordstativet l\u00e5ses med en ekstern kabell\u00e5s &quot;Minisaver mobill\u00e5s&quot; fra Kensington. Ladekabelen kobles gjennom en \u00e5pning i holderen.<br \/>\nMaksimal vekt for nettbrettet 1 kg.<br \/>\nMaterialer: platemetall, aluminium, ABS-plast<br \/>\nDimensjoner: 155 x 242 x 183 mm (B x H x D)<\/p>","protected":false},"excerpt":{"rendered":"<p>Nettbrettholder. Bordstativ for presentasjoner og informasjon i butikker, resepsjoner, salg og utstillingslokaler.<\/p>","protected":false},"featured_media":136538,"template":"","meta":{"_acf_changed":false},"product_brand":[],"product_cat":[4236],"product_tag":[4382],"class_list":{"0":"post-116243","1":"product","2":"type-product","3":"status-publish","4":"has-post-thumbnail","6":"product_cat-surfplattehallare","7":"product_tag-silver","8":"product_shipping_class-tunga-paket","9":"pa_brands-durable","10":"pa_farg-silver","11":"tm-no-options","13":"first","14":"instock","15":"sale","16":"taxable","17":"shipping-taxable","18":"purchasable","19":"product-type-simple"},"acf":[],"_links":{"self":[{"href":"https:\/\/secureus.se\/no\/wp-json\/wp\/v2\/product\/116243","targetHints":{"allow":["GET"]}}],"collection":[{"href":"https:\/\/secureus.se\/no\/wp-json\/wp\/v2\/product"}],"about":[{"href":"https:\/\/secureus.se\/no\/wp-json\/wp\/v2\/types\/product"}],"wp:featuredmedia":[{"embeddable":true,"href":"https:\/\/secureus.se\/no\/wp-json\/wp\/v2\/media\/136538"}],"wp:attachment":[{"href":"https:\/\/secureus.se\/no\/wp-json\/wp\/v2\/media?parent=116243"}],"wp:term":[{"taxonomy":"product_brand","embeddable":true,"href":"https:\/\/secureus.se\/no\/wp-json\/wp\/v2\/product_brand?post=116243"},{"taxonomy":"product_cat","embeddable":true,"href":"https:\/\/secureus.se\/no\/wp-json\/wp\/v2\/product_cat?post=116243"},{"taxonomy":"product_tag","embeddable":true,"href":"https:\/\/secureus.se\/no\/wp-json\/wp\/v2\/product_tag?post=116243"}],"curies":[{"name":"wp","href":"https:\/\/api.w.org\/{rel}","templated":true}]}}