{"id":116265,"date":"2024-11-05T17:23:11","date_gmt":"2024-11-05T16:23:11","guid":{"rendered":"https:\/\/secureus.se\/?post_type=product&#038;p=116265"},"modified":"2026-01-12T12:47:00","modified_gmt":"2026-01-12T11:47:00","slug":"sjalvhaftande-ficka-pocketfix-150x58-10-st","status":"publish","type":"product","link":"https:\/\/secureus.se\/no\/sjalvhaftande-ficka-pocketfix-150x58-10-st\/","title":{"rendered":"Selvklebende lomme POCKETFIX\u00ae 150\u00d758 10 stk"},"content":{"rendered":"<p>Etikettpermer, mapper, esker, postkasser med etiketter som settes inn i en selvklebende POCKETFIX\u00ae-lomme. Den gjennomsiktige lommen er laget av polypropylenplast. Denne lange, smale lommen har en \u00e5pning langs den ene kortsiden og et tommelgrep for enkel fjerning av kort. Leveres med hvite etiketter p\u00e5 ark som kan skrives ut i printer. I gratisprogrammet DURAPRINT\u00ae er det en mal for \u00e5 lage etiketten. Innvendig m\u00e5l: 150\u00d758. Ytre m\u00e5l: 154\u00d762 mm (BxH). Veske med 10 lommer.<\/p>","protected":false},"excerpt":{"rendered":"<p>Selvklebende lomme med \u00e5pning p\u00e5 den ene kortsiden. For etiketter i format 150\u00d758.<\/p>","protected":false},"featured_media":135354,"template":"","meta":{"_acf_changed":false},"product_brand":[],"product_cat":[4252],"product_tag":[4376],"class_list":{"0":"post-116265","1":"product","2":"type-product","3":"status-publish","4":"has-post-thumbnail","6":"product_cat-sjalvhaftande-fickor","7":"product_tag-transparent","8":"product_shipping_class-tunga-paket","9":"pa_brands-durable","10":"pa_farg-transparent","11":"tm-no-options","13":"first","14":"instock","15":"sale","16":"taxable","17":"shipping-taxable","18":"purchasable","19":"product-type-simple"},"acf":[],"_links":{"self":[{"href":"https:\/\/secureus.se\/no\/wp-json\/wp\/v2\/product\/116265","targetHints":{"allow":["GET"]}}],"collection":[{"href":"https:\/\/secureus.se\/no\/wp-json\/wp\/v2\/product"}],"about":[{"href":"https:\/\/secureus.se\/no\/wp-json\/wp\/v2\/types\/product"}],"wp:featuredmedia":[{"embeddable":true,"href":"https:\/\/secureus.se\/no\/wp-json\/wp\/v2\/media\/135354"}],"wp:attachment":[{"href":"https:\/\/secureus.se\/no\/wp-json\/wp\/v2\/media?parent=116265"}],"wp:term":[{"taxonomy":"product_brand","embeddable":true,"href":"https:\/\/secureus.se\/no\/wp-json\/wp\/v2\/product_brand?post=116265"},{"taxonomy":"product_cat","embeddable":true,"href":"https:\/\/secureus.se\/no\/wp-json\/wp\/v2\/product_cat?post=116265"},{"taxonomy":"product_tag","embeddable":true,"href":"https:\/\/secureus.se\/no\/wp-json\/wp\/v2\/product_tag?post=116265"}],"curies":[{"name":"wp","href":"https:\/\/api.w.org\/{rel}","templated":true}]}}