{"id":116275,"date":"2024-11-05T17:13:11","date_gmt":"2024-11-05T16:13:11","guid":{"rendered":"https:\/\/secureus.se\/?post_type=product&#038;p=116275"},"modified":"2026-01-12T12:54:32","modified_gmt":"2026-01-12T11:54:32","slug":"tablet-holder-wall-arm","status":"publish","type":"product","link":"https:\/\/secureus.se\/no\/tablet-holder-wall-arm\/","title":{"rendered":"TABLETTHOLDER VEGGARM"},"content":{"rendered":"<p>Veggmontert nettbrettholder med leddarm i stilig og funksjonell design for nettbrett i st\u00f8rrelsene 7\u2033-13\u2033 (160-275 mm). For informasjon og avsl\u00f8ring p\u00e5 messer, i salgs- og utstillingslokaler og andre steder. N\u00e6r veggen og enkel montering. Holderen, med gummibelagte overflater som beskytter nettbrettet mot riper og skader, kan roteres 360\u00b0 med fire stoppposisjoner ved hver 90\u00b0, for bruk i st\u00e5ende eller liggende format. Den er veldig enkel \u00e5 tilpasse etter behov, takket v\u00e6re at den kan vippes trinnl\u00f8st opp og ned fra -6\u00b0 til + 46\u00b0 og kan svinges 170\u00b0 til h\u00f8yre og venstre. Nettbrettet er enkelt \u00e5 sette inn og ta ut av holderen, som er l\u00e5st med en spesialn\u00f8kkel for \u00e5 forhindre tyveri. Ladekabelen kobles gjennom en \u00e5pning i holderen. Armen kan svinges 180\u00b0 sideveis og kan forlenges til 365 mm. Enkelt installert, sterk og sikker veggfeste inkludert skrue og plugg.<br \/>\nMaksimal vekt for nettbrettet 1 kg.<br \/>\nMaterialer: platemetall, aluminium, ABS-plast<br \/>\nDimensjoner: 95 x 225 x 170 mm (B x H x D)<\/p>","protected":false},"excerpt":{"rendered":"<p>Nettbrettholder. Veggfeste med leddet svingarm for en eller flere brukere. <\/p>","protected":false},"featured_media":135764,"template":"","meta":{"_acf_changed":false},"product_brand":[],"product_cat":[4236],"product_tag":[4382],"class_list":{"0":"post-116275","1":"product","2":"type-product","3":"status-publish","4":"has-post-thumbnail","6":"product_cat-surfplattehallare","7":"product_tag-silver","8":"product_shipping_class-tunga-paket","9":"pa_brands-durable","10":"pa_farg-silver","11":"tm-no-options","13":"first","14":"instock","15":"sale","16":"taxable","17":"shipping-taxable","18":"purchasable","19":"product-type-simple"},"acf":[],"_links":{"self":[{"href":"https:\/\/secureus.se\/no\/wp-json\/wp\/v2\/product\/116275","targetHints":{"allow":["GET"]}}],"collection":[{"href":"https:\/\/secureus.se\/no\/wp-json\/wp\/v2\/product"}],"about":[{"href":"https:\/\/secureus.se\/no\/wp-json\/wp\/v2\/types\/product"}],"wp:featuredmedia":[{"embeddable":true,"href":"https:\/\/secureus.se\/no\/wp-json\/wp\/v2\/media\/135764"}],"wp:attachment":[{"href":"https:\/\/secureus.se\/no\/wp-json\/wp\/v2\/media?parent=116275"}],"wp:term":[{"taxonomy":"product_brand","embeddable":true,"href":"https:\/\/secureus.se\/no\/wp-json\/wp\/v2\/product_brand?post=116275"},{"taxonomy":"product_cat","embeddable":true,"href":"https:\/\/secureus.se\/no\/wp-json\/wp\/v2\/product_cat?post=116275"},{"taxonomy":"product_tag","embeddable":true,"href":"https:\/\/secureus.se\/no\/wp-json\/wp\/v2\/product_tag?post=116275"}],"curies":[{"name":"wp","href":"https:\/\/api.w.org\/{rel}","templated":true}]}}