{"id":116387,"date":"2024-11-05T17:01:17","date_gmt":"2024-11-05T16:01:17","guid":{"rendered":"https:\/\/secureus.se\/?post_type=product&#038;p=116387"},"modified":"2025-12-31T21:22:49","modified_gmt":"2025-12-31T20:22:49","slug":"varseldekal-stop-borttagbar","status":"publish","type":"product","link":"https:\/\/secureus.se\/no\/varseldekal-stop-borttagbar\/","title":{"rendered":"Advarselsklistremerke &quot;STOPP&quot; kan fjernes"},"content":{"rendered":"<p>For \u00f8kt sikkerhet i offentlige milj\u00f8er: gulvmerkingsklistremerker med obligatoriske eller forbudte symboler som bidrar til \u00e5 kommunisere hygiene- og avstandsregler. Selvklebende, avtagbare, store gulvklistremerker &quot;STOPP&quot; sier tydelig at det er forbudt \u00e5 bevege seg innenfor omr\u00e5det (f.eks. butikker, treningssentre, hoteller, restauranter). Festes p\u00e5 rene og t\u00f8rre betonggulv. Anti-skli rating R9 i henhold til DIN 51130. Skiltene oppfyller kravene i ISO 7010.<br \/>\nM\u00e5l: \u00d8 430 mm, tykkelse 0,2 mm<\/p>","protected":false},"excerpt":{"rendered":"<p>Selvklebende, avtagbart forbudsskilt for gulvp\u00e5f\u00f8ring. Opplyser tydelig om her men ikke mer.<\/p>","protected":false},"featured_media":136034,"template":"","meta":{"_acf_changed":false},"product_brand":[],"product_cat":[4307],"product_tag":[4389],"class_list":{"0":"post-116387","1":"product","2":"type-product","3":"status-publish","4":"has-post-thumbnail","6":"product_cat-sakerhetsmarkning","7":"product_tag-rod","8":"product_shipping_class-tunga-paket","9":"pa_brands-durable","10":"pa_farg-rod","11":"tm-no-options","13":"first","14":"instock","15":"sale","16":"taxable","17":"shipping-taxable","18":"purchasable","19":"product-type-simple"},"acf":[],"_links":{"self":[{"href":"https:\/\/secureus.se\/no\/wp-json\/wp\/v2\/product\/116387","targetHints":{"allow":["GET"]}}],"collection":[{"href":"https:\/\/secureus.se\/no\/wp-json\/wp\/v2\/product"}],"about":[{"href":"https:\/\/secureus.se\/no\/wp-json\/wp\/v2\/types\/product"}],"wp:featuredmedia":[{"embeddable":true,"href":"https:\/\/secureus.se\/no\/wp-json\/wp\/v2\/media\/136034"}],"wp:attachment":[{"href":"https:\/\/secureus.se\/no\/wp-json\/wp\/v2\/media?parent=116387"}],"wp:term":[{"taxonomy":"product_brand","embeddable":true,"href":"https:\/\/secureus.se\/no\/wp-json\/wp\/v2\/product_brand?post=116387"},{"taxonomy":"product_cat","embeddable":true,"href":"https:\/\/secureus.se\/no\/wp-json\/wp\/v2\/product_cat?post=116387"},{"taxonomy":"product_tag","embeddable":true,"href":"https:\/\/secureus.se\/no\/wp-json\/wp\/v2\/product_tag?post=116387"}],"curies":[{"name":"wp","href":"https:\/\/api.w.org\/{rel}","templated":true}]}}