{"id":116389,"date":"2024-11-05T17:09:51","date_gmt":"2024-11-05T16:09:51","guid":{"rendered":"https:\/\/secureus.se\/?post_type=product&#038;p=116389"},"modified":"2025-12-31T21:29:11","modified_gmt":"2025-12-31T20:29:11","slug":"tv-stativ-pa-hjul-coworksation","status":"publish","type":"product","link":"https:\/\/secureus.se\/no\/tv-stativ-pa-hjul-coworksation\/","title":{"rendered":"TV-stativ p\u00e5 hjul COWORKSATION\u00ae"},"content":{"rendered":"<p>Digitale presentasjoner og videom\u00f8ter for mindre grupper i ulike typer m\u00f8teplasser, f.eks grupperom, fleksible kontorer og konferanserom blir smidige og tilrettelagt av en flyttbar enhet for skjerm og datamaskin. Stort h\u00e5ndtak som gj\u00f8r det enkelt \u00e5 rulle stativet, som har 75 mm hjul med brems slik at det ogs\u00e5 st\u00e5r st\u00f8dig ved bruk. Boksen er laget av limt kvalitets CDF (tre) og har flere \u00e5pninger for kabler og varmeavledning. I det \u00f8vre rommet er det plass til sm\u00e5ting som fjernkontroll, mus, tastatur, kabler mm. Rommet med gripehull har plass til mini-PC og det nederste rommet er beregnet for tilbeh\u00f8r som tilkoblingsledning, str\u00f8mskinne og batterier. Str\u00f8mtilkoblingskabelen kobles til p\u00e5 baksiden av aluminiumsstolpen, laptop-tilkoblingen p\u00e5 siden og p\u00e5 bunnen av fronten er \u00e5pningen for ladekabler. H\u00f8yden p\u00e5 TV\/skjerm er justerbar under montering. Skjermen kan plasseres helt i kanten av bordet, mens hjulene og skuffen, som har en h\u00f8yde p\u00e5 59 cm, kan skyves inn og skjules under bordet. Skjermen er festet til VESA-braketten for standard 75\u00d775 til 200\u00d7200. Maksimal skjermst\u00f8rrelse 19-43\u201d (48\u00d7109 cm) og vekt opptil 18 kg, maks m\u00e5l for tastaturet som f\u00e5r plass i esken 479 x 186 x 28 mm (LxBxH). Klarer en total belastning p\u00e5 25 kg.<\/p>","protected":false},"excerpt":{"rendered":"<p>Praktisk TV- og multimediastativ p\u00e5 hjul for digitale presentasjoner og videom\u00f8ter. VESA-feste for skjerm og boks med ulike rom for oppbevaring av datamaskin, tastatur, fjernkontroll, kabler mm.  <\/p>","protected":false},"featured_media":135443,"template":"","meta":{"_acf_changed":false},"product_brand":[],"product_cat":[4241],"product_tag":[4396],"class_list":{"0":"post-116389","1":"product","2":"type-product","3":"status-publish","4":"has-post-thumbnail","6":"product_cat-datortillbehor","7":"product_tag-vit","8":"product_shipping_class-tunga-paket","9":"pa_brands-durable","10":"pa_farg-vit","11":"tm-no-options","13":"first","14":"instock","15":"sale","16":"taxable","17":"shipping-taxable","18":"purchasable","19":"product-type-simple"},"acf":[],"_links":{"self":[{"href":"https:\/\/secureus.se\/no\/wp-json\/wp\/v2\/product\/116389","targetHints":{"allow":["GET"]}}],"collection":[{"href":"https:\/\/secureus.se\/no\/wp-json\/wp\/v2\/product"}],"about":[{"href":"https:\/\/secureus.se\/no\/wp-json\/wp\/v2\/types\/product"}],"wp:featuredmedia":[{"embeddable":true,"href":"https:\/\/secureus.se\/no\/wp-json\/wp\/v2\/media\/135443"}],"wp:attachment":[{"href":"https:\/\/secureus.se\/no\/wp-json\/wp\/v2\/media?parent=116389"}],"wp:term":[{"taxonomy":"product_brand","embeddable":true,"href":"https:\/\/secureus.se\/no\/wp-json\/wp\/v2\/product_brand?post=116389"},{"taxonomy":"product_cat","embeddable":true,"href":"https:\/\/secureus.se\/no\/wp-json\/wp\/v2\/product_cat?post=116389"},{"taxonomy":"product_tag","embeddable":true,"href":"https:\/\/secureus.se\/no\/wp-json\/wp\/v2\/product_tag?post=116389"}],"curies":[{"name":"wp","href":"https:\/\/api.w.org\/{rel}","templated":true}]}}