{"id":116431,"date":"2024-12-07T15:21:12","date_gmt":"2024-12-07T14:21:12","guid":{"rendered":"https:\/\/secureus.se\/?post_type=product&#038;p=116431"},"modified":"2026-01-12T12:08:46","modified_gmt":"2026-01-12T11:08:46","slug":"vaggtavla-key-board-for-24-nyckelbrickor","status":"publish","type":"product","link":"https:\/\/secureus.se\/no\/vaggtavla-key-board-for-24-nyckelbrickor\/","title":{"rendered":"Veggtavle KEY BOARD for 24 n\u00f8kkelbrikker"},"content":{"rendered":"<p>Veggplate for \u00e5 samle og oppbevare maksimalt 24 n\u00f8kler med nummererte n\u00f8kkelstrimler. Et sett med 6 n\u00f8kkelbrikker i r\u00f8dt, gult, bl\u00e5tt og sort f\u00f8lger med, samt skruer og plugger for veggmontering. M\u00e5l: 21\u00d736,5cm BxH. Maler for utskrift av etiketter til n\u00f8kkelbrikkene kan lastes ned fra https:\/\/www.durable.se\/service\/ladda-ner\/mallar.html. <\/p>","protected":false},"excerpt":{"rendered":"<p>Veggplate for oppbevaring av 24 n\u00f8kler.<\/p>","protected":false},"featured_media":135303,"template":"","meta":{"_acf_changed":false},"product_brand":[],"product_cat":[1932],"product_tag":[4393],"class_list":{"0":"post-116431","1":"product","2":"type-product","3":"status-publish","4":"has-post-thumbnail","6":"product_cat-nyckelgomma-nyckelbox","7":"product_tag-gra","8":"product_shipping_class-tunga-paket","9":"pa_brands-durable","10":"pa_farg-gra","11":"tm-no-options","13":"first","14":"instock","15":"sale","16":"taxable","17":"shipping-taxable","18":"purchasable","19":"product-type-simple"},"acf":[],"_links":{"self":[{"href":"https:\/\/secureus.se\/no\/wp-json\/wp\/v2\/product\/116431","targetHints":{"allow":["GET"]}}],"collection":[{"href":"https:\/\/secureus.se\/no\/wp-json\/wp\/v2\/product"}],"about":[{"href":"https:\/\/secureus.se\/no\/wp-json\/wp\/v2\/types\/product"}],"wp:featuredmedia":[{"embeddable":true,"href":"https:\/\/secureus.se\/no\/wp-json\/wp\/v2\/media\/135303"}],"wp:attachment":[{"href":"https:\/\/secureus.se\/no\/wp-json\/wp\/v2\/media?parent=116431"}],"wp:term":[{"taxonomy":"product_brand","embeddable":true,"href":"https:\/\/secureus.se\/no\/wp-json\/wp\/v2\/product_brand?post=116431"},{"taxonomy":"product_cat","embeddable":true,"href":"https:\/\/secureus.se\/no\/wp-json\/wp\/v2\/product_cat?post=116431"},{"taxonomy":"product_tag","embeddable":true,"href":"https:\/\/secureus.se\/no\/wp-json\/wp\/v2\/product_tag?post=116431"}],"curies":[{"name":"wp","href":"https:\/\/api.w.org\/{rel}","templated":true}]}}